{"id":4009,"date":"2025-06-02T01:33:32","date_gmt":"2025-06-02T06:33:32","guid":{"rendered":"https:\/\/nvcabogados.com\/family-member-visa-peru\/"},"modified":"2025-07-29T16:12:40","modified_gmt":"2025-07-29T21:12:40","slug":"visa-familiar-peru","status":"publish","type":"page","link":"https:\/\/nvcabogados.com\/es\/visa-familiar-peru\/","title":{"rendered":"Residencia peruana por v\u00ednculo familiar"},"content":{"rendered":"\t\t<div data-elementor-type=\"wp-page\" data-elementor-id=\"4009\" class=\"elementor elementor-4009 elementor-3175\">\n\t\t\t\t\t\t<section class=\"elementor-section elementor-top-section elementor-element elementor-element-cc5a005 elementor-section-full_width elementor-section-height-min-height elementor-section-height-default elementor-section-items-middle\" data-id=\"cc5a005\" data-element_type=\"section\" data-e-type=\"section\">\n\t\t\t\t\t\t\t<div class=\"elementor-background-overlay\"><\/div>\n\t\t\t\t\t\t\t<div class=\"elementor-container elementor-column-gap-default\">\n\t\t\t\t\t<div class=\"elementor-column elementor-col-100 elementor-top-column elementor-element elementor-element-9eb5460\" data-id=\"9eb5460\" data-element_type=\"column\" data-e-type=\"column\">\n\t\t\t<div class=\"elementor-widget-wrap elementor-element-populated\">\n\t\t\t\t\t\t<div class=\"elementor-element elementor-element-ce412ba elementor-widget elementor-widget-heading\" data-id=\"ce412ba\" data-element_type=\"widget\" data-e-type=\"widget\" data-widget_type=\"heading.default\">\n\t\t\t\t<div class=\"elementor-widget-container\">\n\t\t\t\t\t<h1 class=\"elementor-heading-title elementor-size-default\">Residencia peruana por v\u00ednculo familiar<\/h1>\t\t\t\t<\/div>\n\t\t\t\t<\/div>\n\t\t\t\t\t<\/div>\n\t\t<\/div>\n\t\t\t\t\t<\/div>\n\t\t<\/section>\n\t\t\t\t<section class=\"elementor-section elementor-top-section elementor-element elementor-element-f674204 elementor-section-boxed elementor-section-height-default elementor-section-height-default\" data-id=\"f674204\" data-element_type=\"section\" data-e-type=\"section\">\n\t\t\t\t\t\t<div class=\"elementor-container elementor-column-gap-default\">\n\t\t\t\t\t<div class=\"elementor-column elementor-col-100 elementor-top-column elementor-element elementor-element-e00558c\" data-id=\"e00558c\" data-element_type=\"column\" data-e-type=\"column\">\n\t\t\t<div class=\"elementor-widget-wrap elementor-element-populated\">\n\t\t\t\t\t\t<div class=\"elementor-element elementor-element-8d5ce11 elementor-widget elementor-widget-text-editor\" data-id=\"8d5ce11\" data-element_type=\"widget\" data-e-type=\"widget\" data-widget_type=\"text-editor.default\">\n\t\t\t\t<div class=\"elementor-widget-container\">\n\t\t\t\t\t\t\t\t\t<p data-start=\"52\" data-end=\"284\">La Visa Familiar te permite vivir legalmente en Per\u00fa si tienes v\u00ednculos familiares cercanos con un ciudadano peruano o un residente legal. Es una opci\u00f3n com\u00fan para c\u00f3nyuges, hijos o padres que desean reunirse y vivir juntos en Per\u00fa.<\/p>\n<p data-start=\"286\" data-end=\"437\" data-is-last-node=\"\" data-is-only-node=\"\">Esta visa ofrece un camino claro hacia la residencia a largo plazo y es una excelente soluci\u00f3n para las familias que desean construir una vida en Per\u00fa.<\/p>\t\t\t\t\t\t\t\t<\/div>\n\t\t\t\t<\/div>\n\t\t\t\t<div class=\"elementor-element elementor-element-88c3a7a elementor-widget elementor-widget-heading\" data-id=\"88c3a7a\" data-element_type=\"widget\" data-e-type=\"widget\" data-widget_type=\"heading.default\">\n\t\t\t\t<div class=\"elementor-widget-container\">\n\t\t\t\t\t<h3 class=\"elementor-heading-title elementor-size-default\">\u00bfQui\u00e9n puede solicitar la Visa Familiar en Per\u00fa?<\/h3>\t\t\t\t<\/div>\n\t\t\t\t<\/div>\n\t\t\t\t<div class=\"elementor-element elementor-element-746f648 elementor-widget elementor-widget-text-editor\" data-id=\"746f648\" data-element_type=\"widget\" data-e-type=\"widget\" data-widget_type=\"text-editor.default\">\n\t\t\t\t<div class=\"elementor-widget-container\">\n\t\t\t\t\t\t\t\t\t<p data-start=\"50\" data-end=\"92\">Puedes calificar para la Visa Familiar si:<\/p>\n<ul data-start=\"94\" data-end=\"355\">\n<li data-start=\"94\" data-end=\"159\">\n<p data-start=\"96\" data-end=\"159\">Est\u00e1s casado(a) con un ciudadano peruano o un residente legal<\/p>\n<\/li>\n<li data-start=\"160\" data-end=\"210\">\n<p data-start=\"162\" data-end=\"210\">Eres padre o madre de un menor de edad peruano<\/p>\n<\/li>\n<li data-start=\"211\" data-end=\"289\">\n<p data-start=\"213\" data-end=\"289\">Eres hijo(a) o padre\/madre de un ciudadano peruano o de un residente legal<\/p>\n<\/li>\n<li data-start=\"290\" data-end=\"355\">\n<p data-start=\"292\" data-end=\"355\">Tu familiar en Per\u00fa cuenta con un Carn\u00e9 de Extranjer\u00eda v\u00e1lido<\/p>\n<\/li>\n<\/ul>\n<p data-start=\"357\" data-end=\"501\" data-is-last-node=\"\" data-is-only-node=\"\">Puedes solicitar esta visa mientras est\u00e1s en Per\u00fa con visa de turista \u2014 pero debes iniciar el tr\u00e1mite antes de que expire tu permiso de estad\u00eda.<\/p>\t\t\t\t\t\t\t\t<\/div>\n\t\t\t\t<\/div>\n\t\t\t\t<div class=\"elementor-element elementor-element-652e546 elementor-widget elementor-widget-heading\" data-id=\"652e546\" data-element_type=\"widget\" data-e-type=\"widget\" data-widget_type=\"heading.default\">\n\t\t\t\t<div class=\"elementor-widget-container\">\n\t\t\t\t\t<h3 class=\"elementor-heading-title elementor-size-default\">Requisitos<\/h3>\t\t\t\t<\/div>\n\t\t\t\t<\/div>\n\t\t\t\t<div class=\"elementor-element elementor-element-008133e elementor-widget elementor-widget-text-editor\" data-id=\"008133e\" data-element_type=\"widget\" data-e-type=\"widget\" data-widget_type=\"text-editor.default\">\n\t\t\t\t<div class=\"elementor-widget-container\">\n\t\t\t\t\t\t\t\t\t<p data-start=\"0\" data-end=\"52\"><strong data-start=\"0\" data-end=\"52\">Para solicitar la visa, necesitar\u00e1s:<\/strong><\/p>\n<ul data-start=\"54\" data-end=\"523\">\n<li data-start=\"54\" data-end=\"133\">\n<p data-start=\"56\" data-end=\"133\">Acta de matrimonio (o partida de nacimiento) emitida en los \u00faltimos 6 meses<\/p>\n<\/li>\n<li data-start=\"134\" data-end=\"207\">\n<p data-start=\"136\" data-end=\"207\">El documento debe estar apostillado o legalizado en tu pa\u00eds de origen<\/p>\n<\/li>\n<li data-start=\"208\" data-end=\"293\">\n<p data-start=\"210\" data-end=\"293\">Certificado de Antecedentes Penales de tu pa\u00eds (tambi\u00e9n apostillado o legalizado)<\/p>\n<\/li>\n<li data-start=\"294\" data-end=\"367\">\n<p data-start=\"296\" data-end=\"367\">Traducciones oficiales al espa\u00f1ol de todos los documentos extranjeros<\/p>\n<\/li>\n<li data-start=\"368\" data-end=\"455\">\n<p data-start=\"370\" data-end=\"455\">Declaraciones juradas y cartas legales de respaldo (nosotros las preparamos por ti)<\/p>\n<\/li>\n<li data-start=\"456\" data-end=\"523\">\n<p data-start=\"458\" data-end=\"523\">Prueba de ingreso legal a Per\u00fa (sello de entrada o TAM virtual)<\/p>\n<\/li>\n<\/ul>\n<p data-start=\"525\" data-end=\"659\" data-is-last-node=\"\" data-is-only-node=\"\"><strong data-start=\"525\" data-end=\"540\">Importante:<\/strong> Todos los documentos extranjeros deben ser recientes y solo son v\u00e1lidos en Per\u00fa por 6 meses desde su fecha de emisi\u00f3n.<\/p>\t\t\t\t\t\t\t\t<\/div>\n\t\t\t\t<\/div>\n\t\t\t\t<div class=\"elementor-element elementor-element-cca6036 elementor-widget elementor-widget-heading\" data-id=\"cca6036\" data-element_type=\"widget\" data-e-type=\"widget\" data-widget_type=\"heading.default\">\n\t\t\t\t<div class=\"elementor-widget-container\">\n\t\t\t\t\t<h3 class=\"elementor-heading-title elementor-size-default\">Proceso y plazos<\/h3>\t\t\t\t<\/div>\n\t\t\t\t<\/div>\n\t\t\t\t<div class=\"elementor-element elementor-element-69934d8 elementor-widget elementor-widget-text-editor\" data-id=\"69934d8\" data-element_type=\"widget\" data-e-type=\"widget\" data-widget_type=\"text-editor.default\">\n\t\t\t\t<div class=\"elementor-widget-container\">\n\t\t\t\t\t\t\t\t\t<ol data-start=\"23\" data-end=\"658\">\n<li data-start=\"23\" data-end=\"155\">\n<p data-start=\"26\" data-end=\"155\"><strong data-start=\"26\" data-end=\"62\">Reunir los documentos requeridos<\/strong><br data-start=\"62\" data-end=\"65\" \/>Te ayudamos a preparar todo y nos aseguramos de que cumpla con los requisitos peruanos.<\/p>\n<\/li>\n<li data-start=\"157\" data-end=\"275\">\n<p data-start=\"160\" data-end=\"275\"><strong data-start=\"160\" data-end=\"189\">Traducci\u00f3n y legalizaci\u00f3n<\/strong><br data-start=\"189\" data-end=\"192\" \/>Nos encargamos de las traducciones oficiales (incluidas en nuestros honorarios).<\/p>\n<\/li>\n<li data-start=\"277\" data-end=\"399\">\n<p data-start=\"280\" data-end=\"399\"><strong data-start=\"280\" data-end=\"315\">Inicio de la solicitud en l\u00ednea<\/strong><br data-start=\"315\" data-end=\"318\" \/>Te guiamos en la presentaci\u00f3n digital y realizamos los pagos correspondientes.<\/p>\n<\/li>\n<li data-start=\"401\" data-end=\"526\">\n<p data-start=\"404\" data-end=\"526\"><strong data-start=\"404\" data-end=\"424\">Cita en Interpol<\/strong><br data-start=\"424\" data-end=\"427\" \/>Tu familiar debe registrarse en Interpol en Lima \u2014 nosotros agendamos la cita y los acompa\u00f1amos.<\/p>\n<\/li>\n<li data-start=\"528\" data-end=\"619\">\n<p data-start=\"531\" data-end=\"619\"><strong data-start=\"531\" data-end=\"550\">Cita biom\u00e9trica<\/strong><br data-start=\"550\" data-end=\"553\" \/>Toma de huellas digitales, foto y firma digital en Migraciones.<\/p>\n<\/li>\n<li data-start=\"621\" data-end=\"658\">\n<p data-start=\"624\" data-end=\"658\"><strong data-start=\"624\" data-end=\"658\">Recoge tu Carn\u00e9 de Extranjer\u00eda<\/strong><\/p>\n<\/li>\n<\/ol>\n<p data-start=\"660\" data-end=\"815\" data-is-last-node=\"\" data-is-only-node=\"\">La visa es inicialmente temporal, pero puede convertirse en residencia permanente tras cumplir con el tiempo requerido (seg\u00fan el tipo de v\u00ednculo familiar).<\/p>\t\t\t\t\t\t\t\t<\/div>\n\t\t\t\t<\/div>\n\t\t\t\t<div class=\"elementor-element elementor-element-0929f2f elementor-widget elementor-widget-heading\" data-id=\"0929f2f\" data-element_type=\"widget\" data-e-type=\"widget\" data-widget_type=\"heading.default\">\n\t\t\t\t<div class=\"elementor-widget-container\">\n\t\t\t\t\t<h3 class=\"elementor-heading-title elementor-size-default\">C\u00f3mo te ayudamos<\/h3>\t\t\t\t<\/div>\n\t\t\t\t<\/div>\n\t\t\t\t<div class=\"elementor-element elementor-element-70a6846 elementor-widget elementor-widget-text-editor\" data-id=\"70a6846\" data-element_type=\"widget\" data-e-type=\"widget\" data-widget_type=\"text-editor.default\">\n\t\t\t\t<div class=\"elementor-widget-container\">\n\t\t\t\t\t\t\t\t\t<p data-start=\"23\" data-end=\"167\">Hemos ayudado a decenas de familias a reunirse en Per\u00fa \u2014 ya sean parejas casadas, padres extranjeros o familias binacionales con hijos peruanos.<\/p>\n<p data-start=\"169\" data-end=\"203\">Nuestro servicio integral incluye:<\/p>\n<ul data-start=\"205\" data-end=\"631\">\n<li data-start=\"205\" data-end=\"239\">\n<p data-start=\"207\" data-end=\"239\">Revisi\u00f3n legal de tu situaci\u00f3n<\/p>\n<\/li>\n<li data-start=\"240\" data-end=\"322\">\n<p data-start=\"242\" data-end=\"322\">Preparaci\u00f3n de todas las declaraciones juradas y cartas de respaldo necesarias<\/p>\n<\/li>\n<li data-start=\"323\" data-end=\"371\">\n<p data-start=\"325\" data-end=\"371\">Traducci\u00f3n oficial de documentos extranjeros<\/p>\n<\/li>\n<li data-start=\"372\" data-end=\"450\">\n<p data-start=\"374\" data-end=\"450\">Agendamiento de citas y acompa\u00f1amiento presencial (Interpol y Migraciones)<\/p>\n<\/li>\n<li data-start=\"451\" data-end=\"508\">\n<p data-start=\"453\" data-end=\"508\">Actualizaciones regulares sobre el estado del tr\u00e1mite<\/p>\n<\/li>\n<li data-start=\"509\" data-end=\"573\">\n<p data-start=\"511\" data-end=\"573\">Recordatorios gratuitos cuando debas renovar tu visa o carn\u00e9<\/p>\n<\/li>\n<li data-start=\"574\" data-end=\"631\">\n<p data-start=\"576\" data-end=\"631\">Servicio de renovaci\u00f3n (opcional y con costo adicional)<\/p>\n<\/li>\n<\/ul>\n<p data-start=\"633\" data-end=\"760\" data-is-last-node=\"\" data-is-only-node=\"\">Ya sea que ya est\u00e9s en Per\u00fa o que planees llegar pronto, te ayudamos a reunir a tu familia de forma legal y sin complicaciones.<\/p>\t\t\t\t\t\t\t\t<\/div>\n\t\t\t\t<\/div>\n\t\t\t\t\t<\/div>\n\t\t<\/div>\n\t\t\t\t\t<\/div>\n\t\t<\/section>\n\t\t\t\t<section class=\"elementor-section elementor-top-section elementor-element elementor-element-cadbf42 elementor-section-full_width elementor-section-stretched elementor-section-height-default elementor-section-height-default\" data-id=\"cadbf42\" data-element_type=\"section\" data-e-type=\"section\" data-settings=\"{&quot;background_background&quot;:&quot;classic&quot;,&quot;stretch_section&quot;:&quot;section-stretched&quot;}\">\n\t\t\t\t\t\t\t<div class=\"elementor-background-overlay\"><\/div>\n\t\t\t\t\t\t\t<div class=\"elementor-container elementor-column-gap-default\">\n\t\t\t\t\t<div class=\"elementor-column elementor-col-100 elementor-top-column elementor-element elementor-element-a03221c\" data-id=\"a03221c\" data-element_type=\"column\" data-e-type=\"column\">\n\t\t\t<div class=\"elementor-widget-wrap elementor-element-populated\">\n\t\t\t\t\t\t<section class=\"elementor-section elementor-inner-section elementor-element elementor-element-3b9e1ea elementor-section-boxed elementor-section-height-default elementor-section-height-default\" data-id=\"3b9e1ea\" data-element_type=\"section\" data-e-type=\"section\">\n\t\t\t\t\t\t<div class=\"elementor-container elementor-column-gap-default\">\n\t\t\t\t\t<div class=\"elementor-column elementor-col-50 elementor-inner-column elementor-element elementor-element-2ccc996\" data-id=\"2ccc996\" data-element_type=\"column\" data-e-type=\"column\">\n\t\t\t<div class=\"elementor-widget-wrap elementor-element-populated\">\n\t\t\t\t\t\t<div class=\"elementor-element elementor-element-9ae1111 elementor-widget elementor-widget-image\" data-id=\"9ae1111\" data-element_type=\"widget\" data-e-type=\"widget\" data-widget_type=\"image.default\">\n\t\t\t\t<div class=\"elementor-widget-container\">\n\t\t\t\t\t\t\t\t\t\t\t\t\t\t\t<img decoding=\"async\" src=\"https:\/\/nvcabogados.com\/wp-content\/uploads\/elementor\/thumbs\/Sergio400x400-r6gs7ovze29j3e8cmtkyipl85uktqhxzst5cmp5a5c.png\" title=\"Sergio400x400\" alt=\"Sergio400x400\" loading=\"lazy\" \/>\t\t\t\t\t\t\t\t\t\t\t\t\t\t\t<\/div>\n\t\t\t\t<\/div>\n\t\t\t\t\t<\/div>\n\t\t<\/div>\n\t\t\t\t<div class=\"elementor-column elementor-col-50 elementor-inner-column elementor-element elementor-element-ec7e96b\" data-id=\"ec7e96b\" data-element_type=\"column\" data-e-type=\"column\">\n\t\t\t<div class=\"elementor-widget-wrap elementor-element-populated\">\n\t\t\t\t\t\t<div class=\"elementor-element elementor-element-526c004 elementor-widget elementor-widget-heading\" data-id=\"526c004\" data-element_type=\"widget\" data-e-type=\"widget\" data-widget_type=\"heading.default\">\n\t\t\t\t<div class=\"elementor-widget-container\">\n\t\t\t\t\t<h2 class=\"elementor-heading-title elementor-size-default\">\u00bfNecesitas ayuda para elegir la visa adecuada para Per\u00fa?<\/h2>\t\t\t\t<\/div>\n\t\t\t\t<\/div>\n\t\t\t\t<div class=\"elementor-element elementor-element-ecc888a elementor-widget elementor-widget-text-editor\" data-id=\"ecc888a\" data-element_type=\"widget\" data-e-type=\"widget\" data-widget_type=\"text-editor.default\">\n\t\t\t\t<div class=\"elementor-widget-container\">\n\t\t\t\t\t\t\t\t\t<p data-start=\"62\" data-end=\"307\">Las reglas migratorias en Per\u00fa pueden ser confusas \u2014 especialmente en lo que respecta a los documentos requeridos, los plazos y los pasos legales. Elegir la visa correcta desde el inicio puede ahorrarte tiempo, dinero y muchos dolores de cabeza.<\/p>\n<p data-start=\"309\" data-end=\"460\"><strong>Reserva una consulta privada con Sergio Vargas para recibir asesor\u00eda experta sobre la mejor opci\u00f3n de visa para tu caso \u2014 y un plan claro para avanzar.<\/strong><\/p>\n<p data-start=\"462\" data-end=\"524\" data-is-last-node=\"\" data-is-only-node=\"\">La sesi\u00f3n se realiza por Zoom y puede ser en ingl\u00e9s o espa\u00f1ol.<\/p>\t\t\t\t\t\t\t\t<\/div>\n\t\t\t\t<\/div>\n\t\t\t\t<div class=\"elementor-element elementor-element-bccf1a0 elementor-align-center elementor-widget elementor-widget-button\" data-id=\"bccf1a0\" data-element_type=\"widget\" data-e-type=\"widget\" data-widget_type=\"button.default\">\n\t\t\t\t<div class=\"elementor-widget-container\">\n\t\t\t\t\t\t\t\t\t<div class=\"elementor-button-wrapper\">\n\t\t\t\t\t<a class=\"elementor-button elementor-button-link elementor-size-sm\" href=\"https:\/\/nvcabogados.com\/consultation\" target=\"_blank\">\n\t\t\t\t\t\t<span class=\"elementor-button-content-wrapper\">\n\t\t\t\t\t\t\t\t\t<span class=\"elementor-button-text\">Click here to schedule your consultation<\/span>\n\t\t\t\t\t<\/span>\n\t\t\t\t\t<\/a>\n\t\t\t\t<\/div>\n\t\t\t\t\t\t\t\t<\/div>\n\t\t\t\t<\/div>\n\t\t\t\t\t<\/div>\n\t\t<\/div>\n\t\t\t\t\t<\/div>\n\t\t<\/section>\n\t\t\t\t\t<\/div>\n\t\t<\/div>\n\t\t\t\t\t<\/div>\n\t\t<\/section>\n\t\t\t\t<\/div>\n\t\t","protected":false},"excerpt":{"rendered":"<p>Residencia peruana por v\u00ednculo familiar La Visa Familiar te permite vivir legalmente en Per\u00fa si tienes v\u00ednculos familiares cercanos con un ciudadano peruano o un residente legal. Es una opci\u00f3n com\u00fan para c\u00f3nyuges, hijos o padres que desean reunirse y vivir juntos en Per\u00fa. Esta visa ofrece un camino claro hacia la residencia a largo [&hellip;]<\/p>\n","protected":false},"author":4,"featured_media":3968,"parent":0,"menu_order":0,"comment_status":"closed","ping_status":"closed","template":"","meta":{"site-sidebar-layout":"no-sidebar","site-content-layout":"page-builder","ast-site-content-layout":"full-width-container","site-content-style":"default","site-sidebar-style":"default","ast-global-header-display":"","ast-banner-title-visibility":"","ast-main-header-display":"","ast-hfb-above-header-display":"","ast-hfb-below-header-display":"","ast-hfb-mobile-header-display":"","site-post-title":"disabled","ast-breadcrumbs-content":"","ast-featured-img":"disabled","footer-sml-layout":"","theme-transparent-header-meta":"","adv-header-id-meta":"","stick-header-meta":"","header-above-stick-meta":"","header-main-stick-meta":"","header-below-stick-meta":"","astra-migrate-meta-layouts":"set","ast-page-background-enabled":"default","ast-page-background-meta":{"desktop":{"background-color":"","background-image":"","background-repeat":"repeat","background-position":"center center","background-size":"auto","background-attachment":"scroll","background-type":"","background-media":"","overlay-type":"","overlay-color":"","overlay-opacity":"","overlay-gradient":""},"tablet":{"background-color":"","background-image":"","background-repeat":"repeat","background-position":"center center","background-size":"auto","background-attachment":"scroll","background-type":"","background-media":"","overlay-type":"","overlay-color":"","overlay-opacity":"","overlay-gradient":""},"mobile":{"background-color":"","background-image":"","background-repeat":"repeat","background-position":"center center","background-size":"auto","background-attachment":"scroll","background-type":"","background-media":"","overlay-type":"","overlay-color":"","overlay-opacity":"","overlay-gradient":""}},"ast-content-background-meta":{"desktop":{"background-color":"var(--ast-global-color-5)","background-image":"","background-repeat":"repeat","background-position":"center center","background-size":"auto","background-attachment":"scroll","background-type":"","background-media":"","overlay-type":"","overlay-color":"","overlay-opacity":"","overlay-gradient":""},"tablet":{"background-color":"var(--ast-global-color-5)","background-image":"","background-repeat":"repeat","background-position":"center center","background-size":"auto","background-attachment":"scroll","background-type":"","background-media":"","overlay-type":"","overlay-color":"","overlay-opacity":"","overlay-gradient":""},"mobile":{"background-color":"var(--ast-global-color-5)","background-image":"","background-repeat":"repeat","background-position":"center center","background-size":"auto","background-attachment":"scroll","background-type":"","background-media":"","overlay-type":"","overlay-color":"","overlay-opacity":"","overlay-gradient":""}},"footnotes":""},"categories":[],"tags":[],"class_list":["post-4009","page","type-page","status-publish","has-post-thumbnail","hentry"],"_links":{"self":[{"href":"https:\/\/nvcabogados.com\/es\/wp-json\/wp\/v2\/pages\/4009","targetHints":{"allow":["GET"]}}],"collection":[{"href":"https:\/\/nvcabogados.com\/es\/wp-json\/wp\/v2\/pages"}],"about":[{"href":"https:\/\/nvcabogados.com\/es\/wp-json\/wp\/v2\/types\/page"}],"author":[{"embeddable":true,"href":"https:\/\/nvcabogados.com\/es\/wp-json\/wp\/v2\/users\/4"}],"replies":[{"embeddable":true,"href":"https:\/\/nvcabogados.com\/es\/wp-json\/wp\/v2\/comments?post=4009"}],"version-history":[{"count":8,"href":"https:\/\/nvcabogados.com\/es\/wp-json\/wp\/v2\/pages\/4009\/revisions"}],"predecessor-version":[{"id":4018,"href":"https:\/\/nvcabogados.com\/es\/wp-json\/wp\/v2\/pages\/4009\/revisions\/4018"}],"wp:featuredmedia":[{"embeddable":true,"href":"https:\/\/nvcabogados.com\/es\/wp-json\/wp\/v2\/media\/3968"}],"wp:attachment":[{"href":"https:\/\/nvcabogados.com\/es\/wp-json\/wp\/v2\/media?parent=4009"}],"wp:term":[{"taxonomy":"category","embeddable":true,"href":"https:\/\/nvcabogados.com\/es\/wp-json\/wp\/v2\/categories?post=4009"},{"taxonomy":"post_tag","embeddable":true,"href":"https:\/\/nvcabogados.com\/es\/wp-json\/wp\/v2\/tags?post=4009"}],"curies":[{"name":"wp","href":"https:\/\/api.w.org\/{rel}","templated":true}]}}