{"id":4019,"date":"2025-06-02T03:21:11","date_gmt":"2025-06-02T08:21:11","guid":{"rendered":"https:\/\/nvcabogados.com\/immigration-and-citizenship-peru\/"},"modified":"2025-08-01T14:36:56","modified_gmt":"2025-08-01T19:36:56","slug":"inmigracion-ciudadania-peru","status":"publish","type":"page","link":"https:\/\/nvcabogados.com\/es\/inmigracion-ciudadania-peru\/","title":{"rendered":"Inmigraci\u00f3n y Ciudadan\u00eda en Per\u00fa"},"content":{"rendered":"\t\t<div data-elementor-type=\"wp-page\" data-elementor-id=\"4019\" class=\"elementor elementor-4019 elementor-3192\">\n\t\t\t\t\t\t<section class=\"elementor-section elementor-top-section elementor-element elementor-element-33c3660 elementor-section-height-min-height elementor-section-boxed elementor-section-height-default elementor-section-items-middle\" data-id=\"33c3660\" data-element_type=\"section\" data-e-type=\"section\">\n\t\t\t\t\t\t\t<div class=\"elementor-background-overlay\"><\/div>\n\t\t\t\t\t\t\t<div class=\"elementor-container elementor-column-gap-default\">\n\t\t\t\t\t<div class=\"elementor-column elementor-col-100 elementor-top-column elementor-element elementor-element-fb074b5\" data-id=\"fb074b5\" data-element_type=\"column\" data-e-type=\"column\">\n\t\t\t<div class=\"elementor-widget-wrap elementor-element-populated\">\n\t\t\t\t\t\t<div class=\"elementor-element elementor-element-eacb2d2 elementor-widget elementor-widget-heading\" data-id=\"eacb2d2\" data-element_type=\"widget\" data-e-type=\"widget\" data-widget_type=\"heading.default\">\n\t\t\t\t<div class=\"elementor-widget-container\">\n\t\t\t\t\t<h1 class=\"elementor-heading-title elementor-size-default\"> Inmigraci\u00f3n y Ciudadan\u00eda en Per\u00fa<\/h1>\t\t\t\t<\/div>\n\t\t\t\t<\/div>\n\t\t\t\t\t<\/div>\n\t\t<\/div>\n\t\t\t\t\t<\/div>\n\t\t<\/section>\n\t\t\t\t<section class=\"elementor-section elementor-top-section elementor-element elementor-element-830d611 elementor-section-boxed elementor-section-height-default elementor-section-height-default\" data-id=\"830d611\" data-element_type=\"section\" data-e-type=\"section\">\n\t\t\t\t\t\t<div class=\"elementor-container elementor-column-gap-default\">\n\t\t\t\t\t<div class=\"elementor-column elementor-col-100 elementor-top-column elementor-element elementor-element-cf2f9d5\" data-id=\"cf2f9d5\" data-element_type=\"column\" data-e-type=\"column\">\n\t\t\t<div class=\"elementor-widget-wrap elementor-element-populated\">\n\t\t\t\t\t\t<div class=\"elementor-element elementor-element-991c9c6 elementor-widget elementor-widget-text-editor\" data-id=\"991c9c6\" data-element_type=\"widget\" data-e-type=\"widget\" data-widget_type=\"text-editor.default\">\n\t\t\t\t<div class=\"elementor-widget-container\">\n\t\t\t\t\t\t\t\t\t<p data-start=\"0\" data-end=\"324\">Per\u00fa se ha convertido en un destino cada vez m\u00e1s atractivo para personas de todo el mundo. Ya sea que desees jubilarte en un pa\u00eds tranquilo y accesible, trabajar para una empresa peruana, reunirte con tu familia o explorar nuevas oportunidades en Sudam\u00e9rica \u2014 te ayudamos a navegar el proceso legal con claridad y confianza.<\/p><p data-start=\"326\" data-end=\"514\" data-is-last-node=\"\" data-is-only-node=\"\">En<strong> NVC Abogados<\/strong> estamos especializados en derecho migratorio y te acompa\u00f1amos en cada etapa del proceso \u2014 desde la elecci\u00f3n de la visa adecuada hasta la obtenci\u00f3n de la ciudadan\u00eda peruana.<\/p>\t\t\t\t\t\t\t\t<\/div>\n\t\t\t\t<\/div>\n\t\t\t\t<div class=\"elementor-element elementor-element-138fdfc elementor-widget elementor-widget-heading\" data-id=\"138fdfc\" data-element_type=\"widget\" data-e-type=\"widget\" data-widget_type=\"heading.default\">\n\t\t\t\t<div class=\"elementor-widget-container\">\n\t\t\t\t\t<h3 class=\"elementor-heading-title elementor-size-default\">Nuestros servicios<\/h3>\t\t\t\t<\/div>\n\t\t\t\t<\/div>\n\t\t\t\t<div class=\"elementor-element elementor-element-28ffc7c elementor-widget elementor-widget-text-editor\" data-id=\"28ffc7c\" data-element_type=\"widget\" data-e-type=\"widget\" data-widget_type=\"text-editor.default\">\n\t\t\t\t<div class=\"elementor-widget-container\">\n\t\t\t\t\t\t\t\t\t<p data-start=\"0\" data-end=\"60\">Nuestro equipo legal ofrece acompa\u00f1amiento personalizado en:<\/p><ul data-start=\"62\" data-end=\"360\"><li data-start=\"62\" data-end=\"120\"><p data-start=\"64\" data-end=\"120\"><strong>Selecci\u00f3n de visa y verificaci\u00f3n legal de elegibilidad<\/strong><\/p><\/li><li data-start=\"121\" data-end=\"175\"><p data-start=\"123\" data-end=\"175\"><strong>Preparaci\u00f3n y presentaci\u00f3n de todos los documentos<\/strong><\/p><\/li><li data-start=\"176\" data-end=\"224\"><p data-start=\"178\" data-end=\"224\"><strong>Representaci\u00f3n ante las autoridades peruanas<\/strong><\/p><\/li><li data-start=\"225\" data-end=\"289\"><p data-start=\"227\" data-end=\"289\"><strong>Renovaciones, cambios de estatus y monitoreo de cumplimiento<\/strong><\/p><\/li><li data-start=\"290\" data-end=\"360\"><p data-start=\"292\" data-end=\"360\"><strong>Solicitudes de ciudadan\u00eda y asesor\u00eda legal durante todo el proceso<\/strong><\/p><\/li><\/ul><p data-start=\"362\" data-end=\"497\" data-is-last-node=\"\" data-is-only-node=\"\">Cada caso es diferente \u2014 y nos aseguramos de que tu estrategia se adapte a tu situaci\u00f3n, tu nacionalidad y tus objetivos a largo plazo.<\/p>\t\t\t\t\t\t\t\t<\/div>\n\t\t\t\t<\/div>\n\t\t\t\t<div class=\"elementor-element elementor-element-41b6b49 elementor-widget elementor-widget-heading\" data-id=\"41b6b49\" data-element_type=\"widget\" data-e-type=\"widget\" data-widget_type=\"heading.default\">\n\t\t\t\t<div class=\"elementor-widget-container\">\n\t\t\t\t\t<h3 class=\"elementor-heading-title elementor-size-default\">Opciones Migratorias<\/h3>\t\t\t\t<\/div>\n\t\t\t\t<\/div>\n\t\t\t\t<div class=\"elementor-element elementor-element-627bc42 elementor-widget elementor-widget-text-editor\" data-id=\"627bc42\" data-element_type=\"widget\" data-e-type=\"widget\" data-widget_type=\"text-editor.default\">\n\t\t\t\t<div class=\"elementor-widget-container\">\n\t\t\t\t\t\t\t\t\t<p data-start=\"27\" data-end=\"116\">Ofrecemos acompa\u00f1amiento en todas las principales v\u00edas de inmigraci\u00f3n a Per\u00fa, incluyendo:<\/p><ul data-start=\"118\" data-end=\"815\"><li data-start=\"118\" data-end=\"199\"><p data-start=\"120\" data-end=\"199\"><strong data-start=\"120\" data-end=\"137\">Visa Rentista<\/strong> \u2013 para jubilados con una pensi\u00f3n estable o ingresos pasivos<\/p><\/li><li data-start=\"200\" data-end=\"334\"><p data-start=\"202\" data-end=\"334\"><strong data-start=\"202\" data-end=\"221\">Visa de Trabajo<\/strong> \u2013 para empleados extranjeros o profesionales con contrato laboral en Per\u00fa o como gerentes de su propia empresa<\/p><\/li><li data-start=\"335\" data-end=\"454\"><p data-start=\"337\" data-end=\"454\"><strong data-start=\"337\" data-end=\"354\">Visa para ONG<\/strong> \u2013 para quienes realizan voluntariado o trabajan con organizaciones sin fines de lucro registradas<\/p><\/li><li data-start=\"455\" data-end=\"552\"><p data-start=\"457\" data-end=\"552\"><strong data-start=\"457\" data-end=\"474\">Visa Familiar<\/strong> \u2013 para c\u00f3nyuges, hijos o padres de ciudadanos peruanos o residentes legales<\/p><\/li><li data-start=\"553\" data-end=\"689\"><p data-start=\"555\" data-end=\"689\"><strong data-start=\"555\" data-end=\"614\">Visa para ciudadanos del Mercosur o la Comunidad Andina<\/strong> \u2013 tr\u00e1mites simplificados para nacionales de ciertos pa\u00edses sudamericanos<\/p><\/li><li data-start=\"690\" data-end=\"815\"><p data-start=\"692\" data-end=\"815\"><strong data-start=\"692\" data-end=\"714\">Ciudadan\u00eda peruana<\/strong> \u2013 por descendencia (si tienes un padre o madre peruano\/a) o por naturalizaci\u00f3n tras residencia legal<\/p><\/li><\/ul>\t\t\t\t\t\t\t\t<\/div>\n\t\t\t\t<\/div>\n\t\t\t\t<div class=\"elementor-element elementor-element-3579cae elementor-widget elementor-widget-heading\" data-id=\"3579cae\" data-element_type=\"widget\" data-e-type=\"widget\" data-widget_type=\"heading.default\">\n\t\t\t\t<div class=\"elementor-widget-container\">\n\t\t\t\t\t<h3 class=\"elementor-heading-title elementor-size-default\">\u00bfEst\u00e1s pensando en obtener la ciudadan\u00eda peruana?<\/h3>\t\t\t\t<\/div>\n\t\t\t\t<\/div>\n\t\t\t\t<div class=\"elementor-element elementor-element-2f77893 elementor-widget elementor-widget-text-editor\" data-id=\"2f77893\" data-element_type=\"widget\" data-e-type=\"widget\" data-widget_type=\"text-editor.default\">\n\t\t\t\t<div class=\"elementor-widget-container\">\n\t\t\t\t\t\t\t\t\t<p>Muchos de nuestros clientes deciden solicitar la ciudadan\u00eda peruana despu\u00e9s de vivir varios a\u00f1os en el pa\u00eds. Ya sea que califiques por descendencia o que desees aplicar por naturalizaci\u00f3n, nos aseguramos de que est\u00e9s completamente informado y legalmente preparado para cada paso del proceso.<\/p>\t\t\t\t\t\t\t\t<\/div>\n\t\t\t\t<\/div>\n\t\t\t\t<div class=\"elementor-element elementor-element-dc6775e elementor-widget elementor-widget-heading\" data-id=\"dc6775e\" data-element_type=\"widget\" data-e-type=\"widget\" data-widget_type=\"heading.default\">\n\t\t\t\t<div class=\"elementor-widget-container\">\n\t\t\t\t\t<h3 class=\"elementor-heading-title elementor-size-default\">\u00bfPor qu\u00e9 trabajar con nosotros?<\/h3>\t\t\t\t<\/div>\n\t\t\t\t<\/div>\n\t\t\t\t<div class=\"elementor-element elementor-element-404c8db elementor-widget elementor-widget-text-editor\" data-id=\"404c8db\" data-element_type=\"widget\" data-e-type=\"widget\" data-widget_type=\"text-editor.default\">\n\t\t\t\t<div class=\"elementor-widget-container\">\n\t\t\t\t\t\t\t\t\t<ul><li class=\"\" data-start=\"2457\" data-end=\"2495\"><ul><li data-start=\"37\" data-end=\"96\"><p data-start=\"39\" data-end=\"96\"><strong>Abogado especializado en inmigraci\u00f3n con base en Per\u00fa<\/strong><\/p><\/li><li data-start=\"97\" data-end=\"146\"><p data-start=\"99\" data-end=\"146\"><strong>Equipo multiling\u00fce (ingl\u00e9s, espa\u00f1ol y alem\u00e1n)<\/strong><\/p><\/li><li data-start=\"147\" data-end=\"176\"><p data-start=\"149\" data-end=\"176\"><strong>Comunicaci\u00f3n transparente<\/strong><\/p><\/li><li data-start=\"177\" data-end=\"211\"><p data-start=\"179\" data-end=\"211\"><strong>Estrategia legal personalizada<\/strong><\/p><\/li><li data-start=\"212\" data-end=\"280\"><p data-start=\"214\" data-end=\"280\"><strong>Acompa\u00f1amiento en casos complejos o ante cambios en tu situaci\u00f3n<\/strong><\/p><\/li><\/ul><\/li><\/ul>\t\t\t\t\t\t\t\t<\/div>\n\t\t\t\t<\/div>\n\t\t\t\t\t<\/div>\n\t\t<\/div>\n\t\t\t\t\t<\/div>\n\t\t<\/section>\n\t\t\t\t<section class=\"elementor-section elementor-top-section elementor-element elementor-element-bffa7c8 elementor-section-full_width elementor-section-height-default elementor-section-height-default\" data-id=\"bffa7c8\" data-element_type=\"section\" data-e-type=\"section\">\n\t\t\t\t\t\t\t<div class=\"elementor-background-overlay\"><\/div>\n\t\t\t\t\t\t\t<div class=\"elementor-container elementor-column-gap-default\">\n\t\t\t\t\t<div class=\"elementor-column elementor-col-50 elementor-top-column elementor-element elementor-element-953fabf\" data-id=\"953fabf\" data-element_type=\"column\" data-e-type=\"column\">\n\t\t\t<div class=\"elementor-widget-wrap elementor-element-populated\">\n\t\t\t\t\t\t<div class=\"elementor-element elementor-element-c43082c elementor-widget elementor-widget-image\" data-id=\"c43082c\" data-element_type=\"widget\" data-e-type=\"widget\" data-widget_type=\"image.default\">\n\t\t\t\t<div class=\"elementor-widget-container\">\n\t\t\t\t\t\t\t\t\t\t\t\t\t\t\t<img decoding=\"async\" src=\"https:\/\/nvcabogados.com\/wp-content\/uploads\/elementor\/thumbs\/Sergio400x400-r6gs7ovze29j3e8cmtkyipl85uktqhxzst5cmp5a5c.png\" title=\"Sergio400x400\" alt=\"Sergio400x400\" loading=\"lazy\" \/>\t\t\t\t\t\t\t\t\t\t\t\t\t\t\t<\/div>\n\t\t\t\t<\/div>\n\t\t\t\t\t<\/div>\n\t\t<\/div>\n\t\t\t\t<div class=\"elementor-column elementor-col-50 elementor-top-column elementor-element elementor-element-0f7bc60\" data-id=\"0f7bc60\" data-element_type=\"column\" data-e-type=\"column\">\n\t\t\t<div class=\"elementor-widget-wrap elementor-element-populated\">\n\t\t\t\t\t\t<div class=\"elementor-element elementor-element-737aab6 elementor-widget elementor-widget-heading\" data-id=\"737aab6\" data-element_type=\"widget\" data-e-type=\"widget\" data-widget_type=\"heading.default\">\n\t\t\t\t<div class=\"elementor-widget-container\">\n\t\t\t\t\t<h2 class=\"elementor-heading-title elementor-size-default\">\u00bfListo para dar el siguiente paso?<\/h2>\t\t\t\t<\/div>\n\t\t\t\t<\/div>\n\t\t\t\t<div class=\"elementor-element elementor-element-344d169 elementor-widget elementor-widget-text-editor\" data-id=\"344d169\" data-element_type=\"widget\" data-e-type=\"widget\" data-widget_type=\"text-editor.default\">\n\t\t\t\t<div class=\"elementor-widget-container\">\n\t\t\t\t\t\t\t\t\t<p class=\"\" data-start=\"794\" data-end=\"902\">Ya sea que est\u00e9s comenzando o que ya sepas qu\u00e9 visa necesitas \u2014 estamos aqu\u00ed para ayudarte.<\/p>\t\t\t\t\t\t\t\t<\/div>\n\t\t\t\t<\/div>\n\t\t\t\t<section class=\"elementor-section elementor-inner-section elementor-element elementor-element-6a3d605 elementor-section-boxed elementor-section-height-default elementor-section-height-default\" data-id=\"6a3d605\" data-element_type=\"section\" data-e-type=\"section\">\n\t\t\t\t\t\t<div class=\"elementor-container elementor-column-gap-default\">\n\t\t\t\t\t<div class=\"elementor-column elementor-col-50 elementor-inner-column elementor-element elementor-element-4642343\" data-id=\"4642343\" data-element_type=\"column\" data-e-type=\"column\">\n\t\t\t<div class=\"elementor-widget-wrap elementor-element-populated\">\n\t\t\t\t\t\t<div class=\"elementor-element elementor-element-340fc63 elementor-widget elementor-widget-text-editor\" data-id=\"340fc63\" data-element_type=\"widget\" data-e-type=\"widget\" data-widget_type=\"text-editor.default\">\n\t\t\t\t<div class=\"elementor-widget-container\">\n\t\t\t\t\t\t\t\t\t<p>\ud83d\udd36 <strong>\u00bfNecesitas asesor\u00eda?<\/strong> Reserva una consulta personalizada.<\/p>\t\t\t\t\t\t\t\t<\/div>\n\t\t\t\t<\/div>\n\t\t\t\t\t<\/div>\n\t\t<\/div>\n\t\t\t\t<div class=\"elementor-column elementor-col-50 elementor-inner-column elementor-element elementor-element-3ef1109\" data-id=\"3ef1109\" data-element_type=\"column\" data-e-type=\"column\">\n\t\t\t<div class=\"elementor-widget-wrap elementor-element-populated\">\n\t\t\t\t\t\t<div class=\"elementor-element elementor-element-2530d85 elementor-align-justify elementor-widget elementor-widget-button\" data-id=\"2530d85\" data-element_type=\"widget\" data-e-type=\"widget\" data-widget_type=\"button.default\">\n\t\t\t\t<div class=\"elementor-widget-container\">\n\t\t\t\t\t\t\t\t\t<div class=\"elementor-button-wrapper\">\n\t\t\t\t\t<a class=\"elementor-button elementor-button-link elementor-size-sm\" href=\"https:\/\/nvcabogados.com\/es\/consulta\/\" target=\"_blank\">\n\t\t\t\t\t\t<span class=\"elementor-button-content-wrapper\">\n\t\t\t\t\t\t<span class=\"elementor-button-icon\">\n\t\t\t\t<i aria-hidden=\"true\" class=\"far fa-calendar-alt\"><\/i>\t\t\t<\/span>\n\t\t\t\t\t\t\t\t\t<span class=\"elementor-button-text\">Consulta<\/span>\n\t\t\t\t\t<\/span>\n\t\t\t\t\t<\/a>\n\t\t\t\t<\/div>\n\t\t\t\t\t\t\t\t<\/div>\n\t\t\t\t<\/div>\n\t\t\t\t\t<\/div>\n\t\t<\/div>\n\t\t\t\t\t<\/div>\n\t\t<\/section>\n\t\t\t\t<section class=\"elementor-section elementor-inner-section elementor-element elementor-element-fa9805c elementor-section-boxed elementor-section-height-default elementor-section-height-default\" data-id=\"fa9805c\" data-element_type=\"section\" data-e-type=\"section\">\n\t\t\t\t\t\t<div class=\"elementor-container elementor-column-gap-default\">\n\t\t\t\t\t<div class=\"elementor-column elementor-col-50 elementor-inner-column elementor-element elementor-element-f7eaa45\" data-id=\"f7eaa45\" data-element_type=\"column\" data-e-type=\"column\">\n\t\t\t<div class=\"elementor-widget-wrap elementor-element-populated\">\n\t\t\t\t\t\t<div class=\"elementor-element elementor-element-75b260f elementor-widget elementor-widget-text-editor\" data-id=\"75b260f\" data-element_type=\"widget\" data-e-type=\"widget\" data-widget_type=\"text-editor.default\">\n\t\t\t\t<div class=\"elementor-widget-container\">\n\t\t\t\t\t\t\t\t\t<p>\ud83d\udd36 <strong>\u00bfListo para comenzar?<\/strong> Env\u00edanos tus documentos de forma segura en l\u00ednea.<\/p>\t\t\t\t\t\t\t\t<\/div>\n\t\t\t\t<\/div>\n\t\t\t\t\t<\/div>\n\t\t<\/div>\n\t\t\t\t<div class=\"elementor-column elementor-col-50 elementor-inner-column elementor-element elementor-element-a00efc4\" data-id=\"a00efc4\" data-element_type=\"column\" data-e-type=\"column\">\n\t\t\t<div class=\"elementor-widget-wrap elementor-element-populated\">\n\t\t\t\t\t\t<div class=\"elementor-element elementor-element-432c872 elementor-align-justify elementor-widget elementor-widget-button\" data-id=\"432c872\" data-element_type=\"widget\" data-e-type=\"widget\" data-widget_type=\"button.default\">\n\t\t\t\t<div class=\"elementor-widget-container\">\n\t\t\t\t\t\t\t\t\t<div class=\"elementor-button-wrapper\">\n\t\t\t\t\t<a class=\"elementor-button elementor-button-link elementor-size-sm\" href=\"https:\/\/tally.so\/r\/n9xgaQ\" target=\"_blank\" rel=\"noopener\">\n\t\t\t\t\t\t<span class=\"elementor-button-content-wrapper\">\n\t\t\t\t\t\t<span class=\"elementor-button-icon\">\n\t\t\t\t<i aria-hidden=\"true\" class=\"fas fa-mail-bulk\"><\/i>\t\t\t<\/span>\n\t\t\t\t\t\t\t\t\t<span class=\"elementor-button-text\">Send Info<\/span>\n\t\t\t\t\t<\/span>\n\t\t\t\t\t<\/a>\n\t\t\t\t<\/div>\n\t\t\t\t\t\t\t\t<\/div>\n\t\t\t\t<\/div>\n\t\t\t\t\t<\/div>\n\t\t<\/div>\n\t\t\t\t\t<\/div>\n\t\t<\/section>\n\t\t\t\t\t<\/div>\n\t\t<\/div>\n\t\t\t\t\t<\/div>\n\t\t<\/section>\n\t\t\t\t<\/div>\n\t\t","protected":false},"excerpt":{"rendered":"<p>Inmigraci\u00f3n y Ciudadan\u00eda en Per\u00fa Per\u00fa se ha convertido en un destino cada vez m\u00e1s atractivo para personas de todo el mundo. Ya sea que desees jubilarte en un pa\u00eds tranquilo y accesible, trabajar para una empresa peruana, reunirte con tu familia o explorar nuevas oportunidades en Sudam\u00e9rica \u2014 te ayudamos a navegar el proceso [&hellip;]<\/p>\n","protected":false},"author":4,"featured_media":3839,"parent":0,"menu_order":0,"comment_status":"closed","ping_status":"closed","template":"","meta":{"site-sidebar-layout":"no-sidebar","site-content-layout":"page-builder","ast-site-content-layout":"full-width-container","site-content-style":"default","site-sidebar-style":"default","ast-global-header-display":"","ast-banner-title-visibility":"","ast-main-header-display":"","ast-hfb-above-header-display":"","ast-hfb-below-header-display":"","ast-hfb-mobile-header-display":"","site-post-title":"disabled","ast-breadcrumbs-content":"","ast-featured-img":"disabled","footer-sml-layout":"","theme-transparent-header-meta":"","adv-header-id-meta":"","stick-header-meta":"","header-above-stick-meta":"","header-main-stick-meta":"","header-below-stick-meta":"","astra-migrate-meta-layouts":"set","ast-page-background-enabled":"default","ast-page-background-meta":{"desktop":{"background-color":"","background-image":"","background-repeat":"repeat","background-position":"center center","background-size":"auto","background-attachment":"scroll","background-type":"","background-media":"","overlay-type":"","overlay-color":"","overlay-opacity":"","overlay-gradient":""},"tablet":{"background-color":"","background-image":"","background-repeat":"repeat","background-position":"center center","background-size":"auto","background-attachment":"scroll","background-type":"","background-media":"","overlay-type":"","overlay-color":"","overlay-opacity":"","overlay-gradient":""},"mobile":{"background-color":"","background-image":"","background-repeat":"repeat","background-position":"center center","background-size":"auto","background-attachment":"scroll","background-type":"","background-media":"","overlay-type":"","overlay-color":"","overlay-opacity":"","overlay-gradient":""}},"ast-content-background-meta":{"desktop":{"background-color":"var(--ast-global-color-5)","background-image":"","background-repeat":"repeat","background-position":"center center","background-size":"auto","background-attachment":"scroll","background-type":"","background-media":"","overlay-type":"","overlay-color":"","overlay-opacity":"","overlay-gradient":""},"tablet":{"background-color":"var(--ast-global-color-5)","background-image":"","background-repeat":"repeat","background-position":"center center","background-size":"auto","background-attachment":"scroll","background-type":"","background-media":"","overlay-type":"","overlay-color":"","overlay-opacity":"","overlay-gradient":""},"mobile":{"background-color":"var(--ast-global-color-5)","background-image":"","background-repeat":"repeat","background-position":"center center","background-size":"auto","background-attachment":"scroll","background-type":"","background-media":"","overlay-type":"","overlay-color":"","overlay-opacity":"","overlay-gradient":""}},"footnotes":""},"categories":[],"tags":[],"class_list":["post-4019","page","type-page","status-publish","has-post-thumbnail","hentry"],"_links":{"self":[{"href":"https:\/\/nvcabogados.com\/es\/wp-json\/wp\/v2\/pages\/4019","targetHints":{"allow":["GET"]}}],"collection":[{"href":"https:\/\/nvcabogados.com\/es\/wp-json\/wp\/v2\/pages"}],"about":[{"href":"https:\/\/nvcabogados.com\/es\/wp-json\/wp\/v2\/types\/page"}],"author":[{"embeddable":true,"href":"https:\/\/nvcabogados.com\/es\/wp-json\/wp\/v2\/users\/4"}],"replies":[{"embeddable":true,"href":"https:\/\/nvcabogados.com\/es\/wp-json\/wp\/v2\/comments?post=4019"}],"version-history":[{"count":12,"href":"https:\/\/nvcabogados.com\/es\/wp-json\/wp\/v2\/pages\/4019\/revisions"}],"predecessor-version":[{"id":4106,"href":"https:\/\/nvcabogados.com\/es\/wp-json\/wp\/v2\/pages\/4019\/revisions\/4106"}],"wp:featuredmedia":[{"embeddable":true,"href":"https:\/\/nvcabogados.com\/es\/wp-json\/wp\/v2\/media\/3839"}],"wp:attachment":[{"href":"https:\/\/nvcabogados.com\/es\/wp-json\/wp\/v2\/media?parent=4019"}],"wp:term":[{"taxonomy":"category","embeddable":true,"href":"https:\/\/nvcabogados.com\/es\/wp-json\/wp\/v2\/categories?post=4019"},{"taxonomy":"post_tag","embeddable":true,"href":"https:\/\/nvcabogados.com\/es\/wp-json\/wp\/v2\/tags?post=4019"}],"curies":[{"name":"wp","href":"https:\/\/api.w.org\/{rel}","templated":true}]}}