{"id":4117,"date":"2019-09-12T07:11:55","date_gmt":"2019-09-12T12:11:55","guid":{"rendered":"https:\/\/nvcabogados.com\/peruvian-citizenship\/"},"modified":"2025-08-16T17:56:19","modified_gmt":"2025-08-16T22:56:19","slug":"ciudadania-peruana","status":"publish","type":"page","link":"https:\/\/nvcabogados.com\/es\/ciudadania-peruana\/","title":{"rendered":"Ciudadan\u00eda Peruana"},"content":{"rendered":"\t\t<div data-elementor-type=\"wp-page\" data-elementor-id=\"4117\" class=\"elementor elementor-4117 elementor-1320\">\n\t\t\t\t\t\t<section class=\"elementor-section elementor-top-section elementor-element elementor-element-3972dce elementor-section-height-min-height elementor-section-boxed elementor-section-height-default elementor-section-items-middle\" data-id=\"3972dce\" data-element_type=\"section\" data-e-type=\"section\">\n\t\t\t\t\t\t\t<div class=\"elementor-background-overlay\"><\/div>\n\t\t\t\t\t\t\t<div class=\"elementor-container elementor-column-gap-default\">\n\t\t\t\t\t<div class=\"elementor-column elementor-col-100 elementor-top-column elementor-element elementor-element-a7dc05a\" data-id=\"a7dc05a\" data-element_type=\"column\" data-e-type=\"column\">\n\t\t\t<div class=\"elementor-widget-wrap elementor-element-populated\">\n\t\t\t\t\t\t<div class=\"elementor-element elementor-element-08b833a elementor-widget elementor-widget-heading\" data-id=\"08b833a\" data-element_type=\"widget\" data-e-type=\"widget\" data-widget_type=\"heading.default\">\n\t\t\t\t<div class=\"elementor-widget-container\">\n\t\t\t\t\t<h1 class=\"elementor-heading-title elementor-size-default\">Ciudadan\u00eda peruana \u2013 Panorama general<\/h1>\t\t\t\t<\/div>\n\t\t\t\t<\/div>\n\t\t\t\t\t<\/div>\n\t\t<\/div>\n\t\t\t\t\t<\/div>\n\t\t<\/section>\n\t\t\t\t<section class=\"elementor-section elementor-top-section elementor-element elementor-element-9883510 elementor-section-boxed elementor-section-height-default elementor-section-height-default\" data-id=\"9883510\" data-element_type=\"section\" data-e-type=\"section\">\n\t\t\t\t\t\t<div class=\"elementor-container elementor-column-gap-default\">\n\t\t\t\t\t<div class=\"elementor-column elementor-col-100 elementor-top-column elementor-element elementor-element-018c09c\" data-id=\"018c09c\" data-element_type=\"column\" data-e-type=\"column\">\n\t\t\t<div class=\"elementor-widget-wrap elementor-element-populated\">\n\t\t\t\t\t\t<div class=\"elementor-element elementor-element-6457a46 elementor-widget elementor-widget-text-editor\" data-id=\"6457a46\" data-element_type=\"widget\" data-e-type=\"widget\" data-widget_type=\"text-editor.default\">\n\t\t\t\t<div class=\"elementor-widget-container\">\n\t\t\t\t\t\t\t\t\t<p data-start=\"0\" data-end=\"71\">El Per\u00fa ofrece dos v\u00edas legales principales para obtener la ciudadan\u00eda:<\/p><ul data-start=\"73\" data-end=\"398\"><li data-start=\"73\" data-end=\"225\"><p data-start=\"75\" data-end=\"225\"><strong data-start=\"75\" data-end=\"136\">Ciudadan\u00eda por descendencia (nacionalidad por nacimiento)<\/strong><br data-start=\"136\" data-end=\"139\" \/>\u2192 Para personas con padres, abuelos o, en algunos casos, incluso bisabuelos peruanos<\/p><\/li><li data-start=\"227\" data-end=\"398\"><p data-start=\"229\" data-end=\"398\"><strong data-start=\"229\" data-end=\"296\">Ciudadan\u00eda por naturalizaci\u00f3n (nacionalidad por naturalizaci\u00f3n)<\/strong><br data-start=\"296\" data-end=\"299\" \/>\u2192 Para residentes extranjeros que han vivido legalmente en el Per\u00fa durante un per\u00edodo determinado<\/p><\/li><\/ul><p data-start=\"400\" data-end=\"539\">Ya sea que solicites la ciudadan\u00eda por ascendencia o por residencia prolongada, el proceso puede ser complejo y requerir muchos documentos.<\/p><p data-start=\"541\" data-end=\"595\" data-is-last-node=\"\" data-is-only-node=\"\">Estamos aqu\u00ed para acompa\u00f1arte en cada paso del camino.<\/p>\t\t\t\t\t\t\t\t<\/div>\n\t\t\t\t<\/div>\n\t\t\t\t<div class=\"elementor-element elementor-element-1178d9c elementor-widget elementor-widget-heading\" data-id=\"1178d9c\" data-element_type=\"widget\" data-e-type=\"widget\" data-widget_type=\"heading.default\">\n\t\t\t\t<div class=\"elementor-widget-container\">\n\t\t\t\t\t<h3 class=\"elementor-heading-title elementor-size-default\">\u00bfPor qu\u00e9 obtener la nacionalidad peruana?<\/h3>\t\t\t\t<\/div>\n\t\t\t\t<\/div>\n\t\t\t\t<div class=\"elementor-element elementor-element-f3fe7db elementor-widget elementor-widget-text-editor\" data-id=\"f3fe7db\" data-element_type=\"widget\" data-e-type=\"widget\" data-widget_type=\"text-editor.default\">\n\t\t\t\t<div class=\"elementor-widget-container\">\n\t\t\t\t\t\t\t\t\t<p data-start=\"0\" data-end=\"101\">Adquirir la ciudadan\u00eda peruana tiene varias ventajas:<\/p><ul data-start=\"103\" data-end=\"420\" data-is-last-node=\"\" data-is-only-node=\"\"><li data-start=\"103\" data-end=\"171\"><p data-start=\"105\" data-end=\"171\">No m\u00e1s renovaciones de visa ni pagos por el carn\u00e9 de extranjer\u00eda<\/p><\/li><li data-start=\"172\" data-end=\"214\"><p data-start=\"174\" data-end=\"214\">Plenos derechos como ciudadano peruano<\/p><\/li><li data-start=\"215\" data-end=\"300\"><p data-start=\"217\" data-end=\"300\">Acceso m\u00e1s f\u00e1cil a ciertos empleos, propiedad de tierras y programas del gobierno<\/p><\/li><li data-start=\"301\" data-end=\"420\" data-is-last-node=\"\"><p data-start=\"303\" data-end=\"420\" data-is-last-node=\"\">Puedes conservar tu nacionalidad de origen \u2014 el Per\u00fa permite la doble nacionalidad (dependiendo de tu pa\u00eds de origen)<\/p><\/li><\/ul>\t\t\t\t\t\t\t\t<\/div>\n\t\t\t\t<\/div>\n\t\t\t\t<div class=\"elementor-element elementor-element-f0049a4 elementor-widget elementor-widget-heading\" data-id=\"f0049a4\" data-element_type=\"widget\" data-e-type=\"widget\" data-widget_type=\"heading.default\">\n\t\t\t\t<div class=\"elementor-widget-container\">\n\t\t\t\t\t<h3 class=\"elementor-heading-title elementor-size-default\">\u00bfCu\u00e1l es el camino adecuado para ti?<\/h3>\t\t\t\t<\/div>\n\t\t\t\t<\/div>\n\t\t\t\t<div class=\"elementor-element elementor-element-fd5722e elementor-widget elementor-widget-text-editor\" data-id=\"fd5722e\" data-element_type=\"widget\" data-e-type=\"widget\" data-widget_type=\"text-editor.default\">\n\t\t\t\t<div class=\"elementor-widget-container\">\n\t\t\t\t\t\t\t\t\t<p data-start=\"44\" data-end=\"269\">Si tienes ascendencia peruana, podr\u00edas ser elegible para solicitar la ciudadan\u00eda por nacimiento \u2014 incluso si naciste en el extranjero y nunca has vivido en el Per\u00fa.<br data-start=\"208\" data-end=\"211\" \/>\u2192 <a href=\"https:\/\/nvcabogados.com\/es\/ciudadania-peruana-por-descendencia\/\">M\u00e1s informaci\u00f3n sobre la <strong data-start=\"238\" data-end=\"269\" data-is-only-node=\"\">nacionalidad por nacimiento<\/strong><\/a><\/p><p data-start=\"271\" data-end=\"445\" data-is-last-node=\"\" data-is-only-node=\"\">Si has vivido en el Per\u00fa durante 4 a\u00f1os o m\u00e1s como residente legal, podr\u00edas calificar para la naturalizaci\u00f3n.<br data-start=\"380\" data-end=\"383\" \/>\u2192 <a href=\"https:\/\/nvcabogados.com\/es\/ciudadania-peruana-por-naturalizacion\/\">M\u00e1s informaci\u00f3n sobre la <strong data-start=\"410\" data-end=\"445\" data-is-last-node=\"\" data-is-only-node=\"\">nacionalidad por naturalizaci\u00f3n<\/strong><\/a><\/p>\t\t\t\t\t\t\t\t<\/div>\n\t\t\t\t<\/div>\n\t\t\t\t<div class=\"elementor-element elementor-element-6db1653 elementor-widget elementor-widget-heading\" data-id=\"6db1653\" data-element_type=\"widget\" data-e-type=\"widget\" data-widget_type=\"heading.default\">\n\t\t\t\t<div class=\"elementor-widget-container\">\n\t\t\t\t\t<h3 class=\"elementor-heading-title elementor-size-default\">C\u00f3mo te ayudamos<\/h3>\t\t\t\t<\/div>\n\t\t\t\t<\/div>\n\t\t\t\t<div class=\"elementor-element elementor-element-897d594 elementor-widget elementor-widget-text-editor\" data-id=\"897d594\" data-element_type=\"widget\" data-e-type=\"widget\" data-widget_type=\"text-editor.default\">\n\t\t\t\t<div class=\"elementor-widget-container\">\n\t\t\t\t\t\t\t\t\t<ul><li class=\"\" data-start=\"1753\" data-end=\"1802\"><ul><li data-start=\"0\" data-end=\"87\"><p data-start=\"2\" data-end=\"87\">Evaluamos tu elegibilidad para ambas opciones (por nacimiento o por naturalizaci\u00f3n)<\/p><\/li><li data-start=\"88\" data-end=\"133\"><p data-start=\"90\" data-end=\"133\">Te guiamos en cada paso del proceso legal<\/p><\/li><li data-start=\"134\" data-end=\"199\"><p data-start=\"136\" data-end=\"199\">Nos encargamos de las traducciones oficiales y legalizaciones<\/p><\/li><li data-start=\"200\" data-end=\"241\"><p data-start=\"202\" data-end=\"241\">Te acompa\u00f1amos a las citas requeridas<\/p><\/li><li data-start=\"242\" data-end=\"305\" data-is-last-node=\"\"><p data-start=\"244\" data-end=\"305\" data-is-last-node=\"\">Te ayudamos a evitar errores que pueden retrasar tu solicitud<\/p><\/li><\/ul><\/li><\/ul>\t\t\t\t\t\t\t\t<\/div>\n\t\t\t\t<\/div>\n\t\t\t\t\t<\/div>\n\t\t<\/div>\n\t\t\t\t\t<\/div>\n\t\t<\/section>\n\t\t\t\t<section class=\"elementor-section elementor-top-section elementor-element elementor-element-cec61dc elementor-section-full_width elementor-section-stretched elementor-section-height-default elementor-section-height-default\" data-id=\"cec61dc\" data-element_type=\"section\" data-e-type=\"section\" data-settings=\"{&quot;background_background&quot;:&quot;classic&quot;,&quot;stretch_section&quot;:&quot;section-stretched&quot;}\">\n\t\t\t\t\t\t\t<div class=\"elementor-background-overlay\"><\/div>\n\t\t\t\t\t\t\t<div class=\"elementor-container elementor-column-gap-default\">\n\t\t\t\t\t<div class=\"elementor-column elementor-col-100 elementor-top-column elementor-element elementor-element-a230678\" data-id=\"a230678\" data-element_type=\"column\" data-e-type=\"column\">\n\t\t\t<div class=\"elementor-widget-wrap elementor-element-populated\">\n\t\t\t\t\t\t<section class=\"elementor-section elementor-inner-section elementor-element elementor-element-1b9552e elementor-section-boxed elementor-section-height-default elementor-section-height-default\" data-id=\"1b9552e\" data-element_type=\"section\" data-e-type=\"section\">\n\t\t\t\t\t\t<div class=\"elementor-container elementor-column-gap-default\">\n\t\t\t\t\t<div class=\"elementor-column elementor-col-50 elementor-inner-column elementor-element elementor-element-fe2d068\" data-id=\"fe2d068\" data-element_type=\"column\" data-e-type=\"column\">\n\t\t\t<div class=\"elementor-widget-wrap elementor-element-populated\">\n\t\t\t\t\t\t<div class=\"elementor-element elementor-element-65b7970 elementor-widget elementor-widget-image\" data-id=\"65b7970\" data-element_type=\"widget\" data-e-type=\"widget\" data-widget_type=\"image.default\">\n\t\t\t\t<div class=\"elementor-widget-container\">\n\t\t\t\t\t\t\t\t\t\t\t\t\t\t\t<img decoding=\"async\" src=\"https:\/\/nvcabogados.com\/wp-content\/uploads\/elementor\/thumbs\/Sergio400x400-r6gs7ovze29j3e8cmtkyipl85uktqhxzst5cmp5a5c.png\" title=\"Sergio400x400\" alt=\"Sergio400x400\" loading=\"lazy\" \/>\t\t\t\t\t\t\t\t\t\t\t\t\t\t\t<\/div>\n\t\t\t\t<\/div>\n\t\t\t\t\t<\/div>\n\t\t<\/div>\n\t\t\t\t<div class=\"elementor-column elementor-col-50 elementor-inner-column elementor-element elementor-element-fe97e6c\" data-id=\"fe97e6c\" data-element_type=\"column\" data-e-type=\"column\">\n\t\t\t<div class=\"elementor-widget-wrap elementor-element-populated\">\n\t\t\t\t\t\t<div class=\"elementor-element elementor-element-fb2692c elementor-widget elementor-widget-heading\" data-id=\"fb2692c\" data-element_type=\"widget\" data-e-type=\"widget\" data-widget_type=\"heading.default\">\n\t\t\t\t<div class=\"elementor-widget-container\">\n\t\t\t\t\t<h2 class=\"elementor-heading-title elementor-size-default\">\u00bfTe preguntas si eres elegible para obtener la ciudadan\u00eda peruana?<\/h2>\t\t\t\t<\/div>\n\t\t\t\t<\/div>\n\t\t\t\t<div class=\"elementor-element elementor-element-c96ecb9 elementor-widget elementor-widget-text-editor\" data-id=\"c96ecb9\" data-element_type=\"widget\" data-e-type=\"widget\" data-widget_type=\"text-editor.default\">\n\t\t\t\t<div class=\"elementor-widget-container\">\n\t\t\t\t\t\t\t\t\t<p data-start=\"0\" data-end=\"218\">Las leyes de nacionalidad peruana pueden ser complejas, especialmente si naciste en el extranjero o tienes padres peruanos. El proceso requiere documentaci\u00f3n precisa y criterios legales que pueden variar seg\u00fan el caso.<\/p><p data-start=\"220\" data-end=\"351\"><strong>Reserva una consulta privada con Sergio Vargas para aclarar tu elegibilidad y recibir una gu\u00eda paso a paso adaptada a tu situaci\u00f3n.<\/strong><\/p><p data-start=\"353\" data-end=\"430\" data-is-last-node=\"\" data-is-only-node=\"\">La sesi\u00f3n se realiza por Zoom y puede llevarse a cabo en ingl\u00e9s o en espa\u00f1ol.<\/p>\t\t\t\t\t\t\t\t<\/div>\n\t\t\t\t<\/div>\n\t\t\t\t<div class=\"elementor-element elementor-element-bd35991 elementor-align-center elementor-widget elementor-widget-button\" data-id=\"bd35991\" data-element_type=\"widget\" data-e-type=\"widget\" data-widget_type=\"button.default\">\n\t\t\t\t<div class=\"elementor-widget-container\">\n\t\t\t\t\t\t\t\t\t<div class=\"elementor-button-wrapper\">\n\t\t\t\t\t<a class=\"elementor-button elementor-button-link elementor-size-sm\" href=\"https:\/\/nvcabogados.com\/es\/consulta\" target=\"_blank\">\n\t\t\t\t\t\t<span class=\"elementor-button-content-wrapper\">\n\t\t\t\t\t\t\t\t\t<span class=\"elementor-button-text\">Haz clic aqu\u00ed para agendar tu consulta<\/span>\n\t\t\t\t\t<\/span>\n\t\t\t\t\t<\/a>\n\t\t\t\t<\/div>\n\t\t\t\t\t\t\t\t<\/div>\n\t\t\t\t<\/div>\n\t\t\t\t\t<\/div>\n\t\t<\/div>\n\t\t\t\t\t<\/div>\n\t\t<\/section>\n\t\t\t\t\t<\/div>\n\t\t<\/div>\n\t\t\t\t\t<\/div>\n\t\t<\/section>\n\t\t\t\t<\/div>\n\t\t","protected":false},"excerpt":{"rendered":"<p>Ciudadan\u00eda peruana \u2013 Panorama general El Per\u00fa ofrece dos v\u00edas legales principales para obtener la ciudadan\u00eda: Ciudadan\u00eda por descendencia (nacionalidad por nacimiento)\u2192 Para personas con padres, abuelos o, en algunos casos, incluso bisabuelos peruanos Ciudadan\u00eda por naturalizaci\u00f3n (nacionalidad por naturalizaci\u00f3n)\u2192 Para residentes extranjeros que han vivido legalmente en el Per\u00fa durante un per\u00edodo determinado Ya [&hellip;]<\/p>\n","protected":false},"author":4,"featured_media":3968,"parent":0,"menu_order":0,"comment_status":"closed","ping_status":"closed","template":"","meta":{"site-sidebar-layout":"no-sidebar","site-content-layout":"page-builder","ast-site-content-layout":"full-width-container","site-content-style":"unboxed","site-sidebar-style":"unboxed","ast-global-header-display":"","ast-banner-title-visibility":"","ast-main-header-display":"","ast-hfb-above-header-display":"","ast-hfb-below-header-display":"","ast-hfb-mobile-header-display":"","site-post-title":"disabled","ast-breadcrumbs-content":"","ast-featured-img":"disabled","footer-sml-layout":"","theme-transparent-header-meta":"default","adv-header-id-meta":"","stick-header-meta":"","header-above-stick-meta":"","header-main-stick-meta":"","header-below-stick-meta":"","astra-migrate-meta-layouts":"set","ast-page-background-enabled":"default","ast-page-background-meta":{"desktop":{"background-color":"","background-image":"","background-repeat":"repeat","background-position":"center center","background-size":"auto","background-attachment":"scroll","background-type":"","background-media":"","overlay-type":"","overlay-color":"","overlay-opacity":"","overlay-gradient":""},"tablet":{"background-color":"","background-image":"","background-repeat":"repeat","background-position":"center center","background-size":"auto","background-attachment":"scroll","background-type":"","background-media":"","overlay-type":"","overlay-color":"","overlay-opacity":"","overlay-gradient":""},"mobile":{"background-color":"","background-image":"","background-repeat":"repeat","background-position":"center center","background-size":"auto","background-attachment":"scroll","background-type":"","background-media":"","overlay-type":"","overlay-color":"","overlay-opacity":"","overlay-gradient":""}},"ast-content-background-meta":{"desktop":{"background-color":"var(--ast-global-color-5)","background-image":"","background-repeat":"repeat","background-position":"center center","background-size":"auto","background-attachment":"scroll","background-type":"","background-media":"","overlay-type":"","overlay-color":"","overlay-opacity":"","overlay-gradient":""},"tablet":{"background-color":"var(--ast-global-color-5)","background-image":"","background-repeat":"repeat","background-position":"center center","background-size":"auto","background-attachment":"scroll","background-type":"","background-media":"","overlay-type":"","overlay-color":"","overlay-opacity":"","overlay-gradient":""},"mobile":{"background-color":"var(--ast-global-color-5)","background-image":"","background-repeat":"repeat","background-position":"center center","background-size":"auto","background-attachment":"scroll","background-type":"","background-media":"","overlay-type":"","overlay-color":"","overlay-opacity":"","overlay-gradient":""}},"footnotes":""},"categories":[],"tags":[],"class_list":["post-4117","page","type-page","status-publish","has-post-thumbnail","hentry"],"_links":{"self":[{"href":"https:\/\/nvcabogados.com\/es\/wp-json\/wp\/v2\/pages\/4117","targetHints":{"allow":["GET"]}}],"collection":[{"href":"https:\/\/nvcabogados.com\/es\/wp-json\/wp\/v2\/pages"}],"about":[{"href":"https:\/\/nvcabogados.com\/es\/wp-json\/wp\/v2\/types\/page"}],"author":[{"embeddable":true,"href":"https:\/\/nvcabogados.com\/es\/wp-json\/wp\/v2\/users\/4"}],"replies":[{"embeddable":true,"href":"https:\/\/nvcabogados.com\/es\/wp-json\/wp\/v2\/comments?post=4117"}],"version-history":[{"count":13,"href":"https:\/\/nvcabogados.com\/es\/wp-json\/wp\/v2\/pages\/4117\/revisions"}],"predecessor-version":[{"id":4531,"href":"https:\/\/nvcabogados.com\/es\/wp-json\/wp\/v2\/pages\/4117\/revisions\/4531"}],"wp:featuredmedia":[{"embeddable":true,"href":"https:\/\/nvcabogados.com\/es\/wp-json\/wp\/v2\/media\/3968"}],"wp:attachment":[{"href":"https:\/\/nvcabogados.com\/es\/wp-json\/wp\/v2\/media?parent=4117"}],"wp:term":[{"taxonomy":"category","embeddable":true,"href":"https:\/\/nvcabogados.com\/es\/wp-json\/wp\/v2\/categories?post=4117"},{"taxonomy":"post_tag","embeddable":true,"href":"https:\/\/nvcabogados.com\/es\/wp-json\/wp\/v2\/tags?post=4117"}],"curies":[{"name":"wp","href":"https:\/\/api.w.org\/{rel}","templated":true}]}}