{"id":4127,"date":"2025-06-06T03:23:38","date_gmt":"2025-06-06T08:23:38","guid":{"rendered":"https:\/\/nvcabogados.com\/peruvian-citizenship-by-descent\/"},"modified":"2025-08-02T10:47:22","modified_gmt":"2025-08-02T15:47:22","slug":"ciudadania-peruana-por-descendencia","status":"publish","type":"page","link":"https:\/\/nvcabogados.com\/es\/ciudadania-peruana-por-descendencia\/","title":{"rendered":"Ciudadan\u00eda peruana por descendencia"},"content":{"rendered":"\t\t<div data-elementor-type=\"wp-page\" data-elementor-id=\"4127\" class=\"elementor elementor-4127 elementor-3226\">\n\t\t\t\t\t\t<section class=\"elementor-section elementor-top-section elementor-element elementor-element-681ea09 elementor-section-full_width elementor-section-height-min-height elementor-section-height-default elementor-section-items-middle\" data-id=\"681ea09\" data-element_type=\"section\" data-e-type=\"section\">\n\t\t\t\t\t\t\t<div class=\"elementor-background-overlay\"><\/div>\n\t\t\t\t\t\t\t<div class=\"elementor-container elementor-column-gap-default\">\n\t\t\t\t\t<div class=\"elementor-column elementor-col-100 elementor-top-column elementor-element elementor-element-cf4b9f9\" data-id=\"cf4b9f9\" data-element_type=\"column\" data-e-type=\"column\">\n\t\t\t<div class=\"elementor-widget-wrap elementor-element-populated\">\n\t\t\t\t\t\t<div class=\"elementor-element elementor-element-ce412ba elementor-widget elementor-widget-heading\" data-id=\"ce412ba\" data-element_type=\"widget\" data-e-type=\"widget\" data-widget_type=\"heading.default\">\n\t\t\t\t<div class=\"elementor-widget-container\">\n\t\t\t\t\t<h1 class=\"elementor-heading-title elementor-size-default\">Ciudadan\u00eda peruana por descendencia<\/h1>\t\t\t\t<\/div>\n\t\t\t\t<\/div>\n\t\t\t\t\t<\/div>\n\t\t<\/div>\n\t\t\t\t\t<\/div>\n\t\t<\/section>\n\t\t\t\t<section class=\"elementor-section elementor-top-section elementor-element elementor-element-f674204 elementor-section-boxed elementor-section-height-default elementor-section-height-default\" data-id=\"f674204\" data-element_type=\"section\" data-e-type=\"section\">\n\t\t\t\t\t\t<div class=\"elementor-container elementor-column-gap-default\">\n\t\t\t\t\t<div class=\"elementor-column elementor-col-100 elementor-top-column elementor-element elementor-element-e00558c\" data-id=\"e00558c\" data-element_type=\"column\" data-e-type=\"column\">\n\t\t\t<div class=\"elementor-widget-wrap elementor-element-populated\">\n\t\t\t\t\t\t<div class=\"elementor-element elementor-element-8d5ce11 elementor-widget elementor-widget-text-editor\" data-id=\"8d5ce11\" data-element_type=\"widget\" data-e-type=\"widget\" data-widget_type=\"text-editor.default\">\n\t\t\t\t<div class=\"elementor-widget-container\">\n\t\t\t\t\t\t\t\t\t<p><em>(Nacionalidad por nacimiento \u2013 seg\u00fan el art\u00edculo 52 de la Constituci\u00f3n Peruana y la Ley 30738, publicada el 14 de marzo de 2018)<\/em><\/p>\t\t\t\t\t\t\t\t<\/div>\n\t\t\t\t<\/div>\n\t\t\t\t<div class=\"elementor-element elementor-element-88c3a7a elementor-widget elementor-widget-heading\" data-id=\"88c3a7a\" data-element_type=\"widget\" data-e-type=\"widget\" data-widget_type=\"heading.default\">\n\t\t\t\t<div class=\"elementor-widget-container\">\n\t\t\t\t\t<h3 class=\"elementor-heading-title elementor-size-default\">\u00bfQui\u00e9n califica?<\/h3>\t\t\t\t<\/div>\n\t\t\t\t<\/div>\n\t\t\t\t<div class=\"elementor-element elementor-element-746f648 elementor-widget elementor-widget-text-editor\" data-id=\"746f648\" data-element_type=\"widget\" data-e-type=\"widget\" data-widget_type=\"text-editor.default\">\n\t\t\t\t<div class=\"elementor-widget-container\">\n\t\t\t\t\t\t\t\t\t<p>Podr\u00edas ser elegible para la ciudadan\u00eda peruana por descendencia si:<\/p><ul><li data-start=\"87\" data-end=\"114\">Naciste en el extranjero, y<\/li><li data-start=\"116\" data-end=\"172\">Al menos uno de tus padres es o fue ciudadano peruano, y<\/li><li data-start=\"174\" data-end=\"265\">Fuiste inscrito en un consulado peruano, o inscribes tu nacimiento retroactivamente en Per\u00fa<\/li><\/ul><p data-start=\"267\" data-end=\"436\">Incluso si tus padres nunca te inscribieron en un consulado, a\u00fan puedes solicitar la ciudadan\u00eda hoy \u2014 pero deber\u00e1s presentar pruebas oficiales de tu ascendencia peruana.<\/p><p data-start=\"438\" data-end=\"606\" data-is-last-node=\"\" data-is-only-node=\"\">En algunos casos, personas con abuelos o bisabuelos peruanos tambi\u00e9n pueden calificar, dependiendo de c\u00f3mo se transmiti\u00f3 la ciudadan\u00eda y si tu padre o madre la reclam\u00f3.<\/p>\t\t\t\t\t\t\t\t<\/div>\n\t\t\t\t<\/div>\n\t\t\t\t<div class=\"elementor-element elementor-element-652e546 elementor-widget elementor-widget-heading\" data-id=\"652e546\" data-element_type=\"widget\" data-e-type=\"widget\" data-widget_type=\"heading.default\">\n\t\t\t\t<div class=\"elementor-widget-container\">\n\t\t\t\t\t<h3 class=\"elementor-heading-title elementor-size-default\">Documentos requeridos:<\/h3>\t\t\t\t<\/div>\n\t\t\t\t<\/div>\n\t\t\t\t<div class=\"elementor-element elementor-element-008133e elementor-widget elementor-widget-text-editor\" data-id=\"008133e\" data-element_type=\"widget\" data-e-type=\"widget\" data-widget_type=\"text-editor.default\">\n\t\t\t\t<div class=\"elementor-widget-container\">\n\t\t\t\t\t\t\t\t\t<ul data-start=\"1313\" data-end=\"1705\"><li class=\"\" data-start=\"1313\" data-end=\"1377\"><ul><li data-start=\"24\" data-end=\"92\"><p data-start=\"26\" data-end=\"92\">Partida de nacimiento del solicitante (apostillada o legalizada)<\/p><\/li><li data-start=\"93\" data-end=\"158\"><p data-start=\"95\" data-end=\"158\">Partida de nacimiento peruana o DNI del padre o madre peruano<\/p><\/li><li data-start=\"159\" data-end=\"215\"><p data-start=\"161\" data-end=\"215\">Pasaporte y\/o documento de identidad del solicitante<\/p><\/li><li data-start=\"216\" data-end=\"265\"><p data-start=\"218\" data-end=\"265\">Declaraci\u00f3n oficial o formulario de solicitud<\/p><\/li><li data-start=\"266\" data-end=\"364\"><p data-start=\"268\" data-end=\"364\">Documentos legalizados que prueben el v\u00ednculo familiar (si se solicita por medio de un abuelo)<\/p><\/li><li data-start=\"365\" data-end=\"497\"><p data-start=\"367\" data-end=\"497\">Cualquier inscripci\u00f3n consular faltante podr\u00eda necesitar ser reemplazada mediante un proceso judicial o una inscripci\u00f3n especial<\/p><\/li><li data-start=\"498\" data-end=\"595\" data-is-last-node=\"\"><p data-start=\"500\" data-end=\"595\" data-is-last-node=\"\">Todos los documentos extranjeros deben <strong>estar traducidos al espa\u00f1ol y legalizados o apostillados<\/strong><\/p><\/li><\/ul><\/li><\/ul>\t\t\t\t\t\t\t\t<\/div>\n\t\t\t\t<\/div>\n\t\t\t\t<div class=\"elementor-element elementor-element-cca6036 elementor-widget elementor-widget-heading\" data-id=\"cca6036\" data-element_type=\"widget\" data-e-type=\"widget\" data-widget_type=\"heading.default\">\n\t\t\t\t<div class=\"elementor-widget-container\">\n\t\t\t\t\t<h3 class=\"elementor-heading-title elementor-size-default\">Proceso y cronograma<\/h3>\t\t\t\t<\/div>\n\t\t\t\t<\/div>\n\t\t\t\t<div class=\"elementor-element elementor-element-69934d8 elementor-widget elementor-widget-text-editor\" data-id=\"69934d8\" data-element_type=\"widget\" data-e-type=\"widget\" data-widget_type=\"text-editor.default\">\n\t\t\t\t<div class=\"elementor-widget-container\">\n\t\t\t\t\t\t\t\t\t<ol><li data-start=\"23\" data-end=\"123\"><p data-start=\"25\" data-end=\"123\"><strong>Recolecci\u00f3n y verificaci\u00f3n de documentos<\/strong><br data-start=\"65\" data-end=\"68\" \/>Evaluamos tu caso y te ayudamos a reunir lo necesario<\/p><\/li><li data-start=\"125\" data-end=\"233\"><p data-start=\"127\" data-end=\"233\"><strong>Traducciones y cumplimiento legal<\/strong><br data-start=\"160\" data-end=\"163\" \/>Coordinamos las traducciones oficiales y la apostilla o legalizaci\u00f3n<\/p><\/li><li data-start=\"235\" data-end=\"365\"><p data-start=\"237\" data-end=\"365\"><strong>Presentaci\u00f3n de la solicitud en Per\u00fa o a trav\u00e9s de un consulado<\/strong><br data-start=\"300\" data-end=\"303\" \/>Si ya est\u00e1s en Per\u00fa, gestionamos la presentaci\u00f3n ante RENIEC<\/p><\/li><li data-start=\"367\" data-end=\"507\" data-is-last-node=\"\"><p data-start=\"369\" data-end=\"507\" data-is-last-node=\"\"><strong>Espera de la aprobaci\u00f3n y recepci\u00f3n de tus documentos peruanos<\/strong><br data-start=\"431\" data-end=\"434\" \/>Los plazos var\u00edan seg\u00fan tu caso y si se requiere una inscripci\u00f3n judicial<\/p><\/li><\/ol>\t\t\t\t\t\t\t\t<\/div>\n\t\t\t\t<\/div>\n\t\t\t\t<div class=\"elementor-element elementor-element-0929f2f elementor-widget elementor-widget-heading\" data-id=\"0929f2f\" data-element_type=\"widget\" data-e-type=\"widget\" data-widget_type=\"heading.default\">\n\t\t\t\t<div class=\"elementor-widget-container\">\n\t\t\t\t\t<h3 class=\"elementor-heading-title elementor-size-default\">C\u00f3mo te ayudamos<\/h3>\t\t\t\t<\/div>\n\t\t\t\t<\/div>\n\t\t\t\t<div class=\"elementor-element elementor-element-70a6846 elementor-widget elementor-widget-text-editor\" data-id=\"70a6846\" data-element_type=\"widget\" data-e-type=\"widget\" data-widget_type=\"text-editor.default\">\n\t\t\t\t<div class=\"elementor-widget-container\">\n\t\t\t\t\t\t\t\t\t<ul><li data-start=\"2349\" data-end=\"2404\"><p data-start=\"0\" data-end=\"20\">Evaluaci\u00f3n del caso: <span style=\"font-size: 16px;\">\u00bfEres elegible \u2014 y a trav\u00e9s de qui\u00e9n?<\/span><\/p><\/li><li data-start=\"2349\" data-end=\"2404\"><p data-start=\"0\" data-end=\"20\"><span style=\"font-size: 16px;\">Gu\u00eda paso a paso para la recolecci\u00f3n de documentos<\/span><\/p><\/li><li data-start=\"2349\" data-end=\"2404\"><p data-start=\"0\" data-end=\"20\"><span style=\"font-size: 16px;\">Traducciones oficiales y legalizaciones<\/span><\/p><\/li><li data-start=\"2349\" data-end=\"2404\"><p data-start=\"0\" data-end=\"20\"><span style=\"font-size: 16px;\">Coordinaci\u00f3n con RENIEC o el consulado<\/span><\/p><\/li><li data-start=\"2349\" data-end=\"2404\"><p data-start=\"0\" data-end=\"20\"><span style=\"font-size: 16px;\">Acompa\u00f1amiento a las citas<\/span><\/p><\/li><li data-start=\"2349\" data-end=\"2404\"><p data-start=\"0\" data-end=\"20\"><span style=\"font-size: 16px;\">Asistencia con registros familiares complejos o incompletos<\/span><\/p><\/li><\/ul>\t\t\t\t\t\t\t\t<\/div>\n\t\t\t\t<\/div>\n\t\t\t\t\t<\/div>\n\t\t<\/div>\n\t\t\t\t\t<\/div>\n\t\t<\/section>\n\t\t\t\t<section class=\"elementor-section elementor-top-section elementor-element elementor-element-18e48c2 elementor-section-full_width elementor-section-stretched elementor-section-height-default elementor-section-height-default\" data-id=\"18e48c2\" data-element_type=\"section\" data-e-type=\"section\" data-settings=\"{&quot;background_background&quot;:&quot;classic&quot;,&quot;stretch_section&quot;:&quot;section-stretched&quot;}\">\n\t\t\t\t\t\t\t<div class=\"elementor-background-overlay\"><\/div>\n\t\t\t\t\t\t\t<div class=\"elementor-container elementor-column-gap-default\">\n\t\t\t\t\t<div class=\"elementor-column elementor-col-100 elementor-top-column elementor-element elementor-element-3deabf7\" data-id=\"3deabf7\" data-element_type=\"column\" data-e-type=\"column\">\n\t\t\t<div class=\"elementor-widget-wrap elementor-element-populated\">\n\t\t\t\t\t\t<section class=\"elementor-section elementor-inner-section elementor-element elementor-element-f85707b elementor-section-boxed elementor-section-height-default elementor-section-height-default\" data-id=\"f85707b\" data-element_type=\"section\" data-e-type=\"section\">\n\t\t\t\t\t\t<div class=\"elementor-container elementor-column-gap-default\">\n\t\t\t\t\t<div class=\"elementor-column elementor-col-50 elementor-inner-column elementor-element elementor-element-49c3051\" data-id=\"49c3051\" data-element_type=\"column\" data-e-type=\"column\">\n\t\t\t<div class=\"elementor-widget-wrap elementor-element-populated\">\n\t\t\t\t\t\t<div class=\"elementor-element elementor-element-36d8dd0 elementor-widget elementor-widget-image\" data-id=\"36d8dd0\" data-element_type=\"widget\" data-e-type=\"widget\" data-widget_type=\"image.default\">\n\t\t\t\t<div class=\"elementor-widget-container\">\n\t\t\t\t\t\t\t\t\t\t\t\t\t\t\t<img decoding=\"async\" src=\"https:\/\/nvcabogados.com\/wp-content\/uploads\/elementor\/thumbs\/Sergio400x400-r6gs7ovze29j3e8cmtkyipl85uktqhxzst5cmp5a5c.png\" title=\"Sergio400x400\" alt=\"Sergio400x400\" loading=\"lazy\" \/>\t\t\t\t\t\t\t\t\t\t\t\t\t\t\t<\/div>\n\t\t\t\t<\/div>\n\t\t\t\t\t<\/div>\n\t\t<\/div>\n\t\t\t\t<div class=\"elementor-column elementor-col-50 elementor-inner-column elementor-element elementor-element-863a01f\" data-id=\"863a01f\" data-element_type=\"column\" data-e-type=\"column\">\n\t\t\t<div class=\"elementor-widget-wrap elementor-element-populated\">\n\t\t\t\t\t\t<div class=\"elementor-element elementor-element-f37bce8 elementor-widget elementor-widget-heading\" data-id=\"f37bce8\" data-element_type=\"widget\" data-e-type=\"widget\" data-widget_type=\"heading.default\">\n\t\t\t\t<div class=\"elementor-widget-container\">\n\t\t\t\t\t<h2 class=\"elementor-heading-title elementor-size-default\">\u00bfTe preguntas si eres elegible para la ciudadan\u00eda peruana?<\/h2>\t\t\t\t<\/div>\n\t\t\t\t<\/div>\n\t\t\t\t<div class=\"elementor-element elementor-element-64909a2 elementor-widget elementor-widget-text-editor\" data-id=\"64909a2\" data-element_type=\"widget\" data-e-type=\"widget\" data-widget_type=\"text-editor.default\">\n\t\t\t\t<div class=\"elementor-widget-container\">\n\t\t\t\t\t\t\t\t\t<p data-start=\"0\" data-end=\"219\">Las leyes de nacionalidad peruana pueden ser complejas, especialmente si naciste en el extranjero o tienes padres peruanos. El proceso requiere documentaci\u00f3n estricta y criterios legales que pueden variar seg\u00fan el caso.<\/p><p data-start=\"221\" data-end=\"351\"><strong>Agenda una consulta privada con Sergio Vargas para aclarar tu elegibilidad y recibir una gu\u00eda paso a paso adaptada a tu situaci\u00f3n<\/strong>.<\/p><p data-start=\"353\" data-end=\"427\" data-is-last-node=\"\" data-is-only-node=\"\">La sesi\u00f3n se realiza por Zoom y puede llevarse a cabo en ingl\u00e9s o espa\u00f1ol.<\/p>\t\t\t\t\t\t\t\t<\/div>\n\t\t\t\t<\/div>\n\t\t\t\t<div class=\"elementor-element elementor-element-665c7be elementor-align-center elementor-widget elementor-widget-button\" data-id=\"665c7be\" data-element_type=\"widget\" data-e-type=\"widget\" data-widget_type=\"button.default\">\n\t\t\t\t<div class=\"elementor-widget-container\">\n\t\t\t\t\t\t\t\t\t<div class=\"elementor-button-wrapper\">\n\t\t\t\t\t<a class=\"elementor-button elementor-button-link elementor-size-sm\" href=\"https:\/\/nvcabogados.com\/es\/consulta\" target=\"_blank\">\n\t\t\t\t\t\t<span class=\"elementor-button-content-wrapper\">\n\t\t\t\t\t\t\t\t\t<span class=\"elementor-button-text\">Haz clic aqu\u00ed para agendar tu consulta<\/span>\n\t\t\t\t\t<\/span>\n\t\t\t\t\t<\/a>\n\t\t\t\t<\/div>\n\t\t\t\t\t\t\t\t<\/div>\n\t\t\t\t<\/div>\n\t\t\t\t\t<\/div>\n\t\t<\/div>\n\t\t\t\t\t<\/div>\n\t\t<\/section>\n\t\t\t\t\t<\/div>\n\t\t<\/div>\n\t\t\t\t\t<\/div>\n\t\t<\/section>\n\t\t\t\t<\/div>\n\t\t","protected":false},"excerpt":{"rendered":"<p>Ciudadan\u00eda peruana por descendencia (Nacionalidad por nacimiento \u2013 seg\u00fan el art\u00edculo 52 de la Constituci\u00f3n Peruana y la Ley 30738, publicada el 14 de marzo de 2018) \u00bfQui\u00e9n califica? Podr\u00edas ser elegible para la ciudadan\u00eda peruana por descendencia si: Naciste en el extranjero, y Al menos uno de tus padres es o fue ciudadano peruano, [&hellip;]<\/p>\n","protected":false},"author":4,"featured_media":3968,"parent":0,"menu_order":0,"comment_status":"closed","ping_status":"closed","template":"","meta":{"site-sidebar-layout":"no-sidebar","site-content-layout":"page-builder","ast-site-content-layout":"full-width-container","site-content-style":"default","site-sidebar-style":"default","ast-global-header-display":"","ast-banner-title-visibility":"","ast-main-header-display":"","ast-hfb-above-header-display":"","ast-hfb-below-header-display":"","ast-hfb-mobile-header-display":"","site-post-title":"disabled","ast-breadcrumbs-content":"","ast-featured-img":"disabled","footer-sml-layout":"","theme-transparent-header-meta":"","adv-header-id-meta":"","stick-header-meta":"","header-above-stick-meta":"","header-main-stick-meta":"","header-below-stick-meta":"","astra-migrate-meta-layouts":"set","ast-page-background-enabled":"default","ast-page-background-meta":{"desktop":{"background-color":"","background-image":"","background-repeat":"repeat","background-position":"center center","background-size":"auto","background-attachment":"scroll","background-type":"","background-media":"","overlay-type":"","overlay-color":"","overlay-opacity":"","overlay-gradient":""},"tablet":{"background-color":"","background-image":"","background-repeat":"repeat","background-position":"center center","background-size":"auto","background-attachment":"scroll","background-type":"","background-media":"","overlay-type":"","overlay-color":"","overlay-opacity":"","overlay-gradient":""},"mobile":{"background-color":"","background-image":"","background-repeat":"repeat","background-position":"center center","background-size":"auto","background-attachment":"scroll","background-type":"","background-media":"","overlay-type":"","overlay-color":"","overlay-opacity":"","overlay-gradient":""}},"ast-content-background-meta":{"desktop":{"background-color":"var(--ast-global-color-5)","background-image":"","background-repeat":"repeat","background-position":"center center","background-size":"auto","background-attachment":"scroll","background-type":"","background-media":"","overlay-type":"","overlay-color":"","overlay-opacity":"","overlay-gradient":""},"tablet":{"background-color":"var(--ast-global-color-5)","background-image":"","background-repeat":"repeat","background-position":"center center","background-size":"auto","background-attachment":"scroll","background-type":"","background-media":"","overlay-type":"","overlay-color":"","overlay-opacity":"","overlay-gradient":""},"mobile":{"background-color":"var(--ast-global-color-5)","background-image":"","background-repeat":"repeat","background-position":"center center","background-size":"auto","background-attachment":"scroll","background-type":"","background-media":"","overlay-type":"","overlay-color":"","overlay-opacity":"","overlay-gradient":""}},"footnotes":""},"categories":[],"tags":[],"class_list":["post-4127","page","type-page","status-publish","has-post-thumbnail","hentry"],"_links":{"self":[{"href":"https:\/\/nvcabogados.com\/es\/wp-json\/wp\/v2\/pages\/4127","targetHints":{"allow":["GET"]}}],"collection":[{"href":"https:\/\/nvcabogados.com\/es\/wp-json\/wp\/v2\/pages"}],"about":[{"href":"https:\/\/nvcabogados.com\/es\/wp-json\/wp\/v2\/types\/page"}],"author":[{"embeddable":true,"href":"https:\/\/nvcabogados.com\/es\/wp-json\/wp\/v2\/users\/4"}],"replies":[{"embeddable":true,"href":"https:\/\/nvcabogados.com\/es\/wp-json\/wp\/v2\/comments?post=4127"}],"version-history":[{"count":9,"href":"https:\/\/nvcabogados.com\/es\/wp-json\/wp\/v2\/pages\/4127\/revisions"}],"predecessor-version":[{"id":4138,"href":"https:\/\/nvcabogados.com\/es\/wp-json\/wp\/v2\/pages\/4127\/revisions\/4138"}],"wp:featuredmedia":[{"embeddable":true,"href":"https:\/\/nvcabogados.com\/es\/wp-json\/wp\/v2\/media\/3968"}],"wp:attachment":[{"href":"https:\/\/nvcabogados.com\/es\/wp-json\/wp\/v2\/media?parent=4127"}],"wp:term":[{"taxonomy":"category","embeddable":true,"href":"https:\/\/nvcabogados.com\/es\/wp-json\/wp\/v2\/categories?post=4127"},{"taxonomy":"post_tag","embeddable":true,"href":"https:\/\/nvcabogados.com\/es\/wp-json\/wp\/v2\/tags?post=4127"}],"curies":[{"name":"wp","href":"https:\/\/api.w.org\/{rel}","templated":true}]}}