{"id":4162,"date":"2019-04-10T07:04:47","date_gmt":"2019-04-10T12:04:47","guid":{"rendered":"https:\/\/nvcabogados.com\/privacy-policy-2\/"},"modified":"2025-08-03T18:42:11","modified_gmt":"2025-08-03T23:42:11","slug":"politica-de-privacidad","status":"publish","type":"page","link":"https:\/\/nvcabogados.com\/es\/politica-de-privacidad\/","title":{"rendered":"Pol\u00edtica de Privacidad"},"content":{"rendered":"\n<p>La direcci\u00f3n de nuestro sitio web es <a class=\"\" href=\"https:\/\/nvcabogados.com\/es\/\">https:\/\/nvcabogados.com<\/a>. Somos un estudio jur\u00eddico registrado en Lima, Per\u00fa (RUC: 20522649369).<\/p>\n\n\n\n<p>Nuestra direcci\u00f3n fiscal es: NVC Abogados, Jr. Pedro Martinto 150 \u2013 Dpto. 103, Distrito de Barranco, Lima 04, Per\u00fa.<\/p>\n\n\n\n<p>NVC Abogados se rige por la siguiente pol\u00edtica de privacidad (\u201cPol\u00edtica de Privacidad\u201d). Respetamos tu privacidad y estamos comprometidos a protegerla. El prop\u00f3sito de esta Pol\u00edtica de Privacidad es informarte qu\u00e9 informaci\u00f3n personal identificable podemos recopilar y c\u00f3mo puede ser utilizada. Esta declaraci\u00f3n aplica \u00fanicamente a este sitio web.<\/p>\n\n\n\n<h4 class=\"wp-block-heading\">\u00bfQU\u00c9 INFORMACI\u00d3N RECOPILAMOS SOBRE TI?<\/h4>\n\n\n\n<p>Informaci\u00f3n que t\u00fa proporcionas voluntariamente al sitio web: Podemos recopilar informaci\u00f3n personal como tu nombre o direcci\u00f3n de correo electr\u00f3nico. Por ejemplo, puedes enviar informaci\u00f3n voluntariamente al sitio web al dejar un comentario, suscribirte a un bolet\u00edn o completar un formulario de contacto. Adem\u00e1s, podr\u00edas tener la opci\u00f3n de crear un perfil de usuario, lo que te permite generar un nombre de usuario y una contrase\u00f1a. Almacenaremos el nombre de usuario, pero tu contrase\u00f1a no ser\u00e1 visible en nuestros registros.<\/p>\n\n\n\n<p>Informaci\u00f3n que recopilamos de terceros: Podemos recibir informaci\u00f3n sobre ti desde otras fuentes. Puedes vincular tus cuentas de Facebook, Instagram y\/o Google a tu perfil de usuario. Si decides hacerlo, recibiremos tu nombre, direcci\u00f3n de correo electr\u00f3nico y foto de perfil asociada a dicha cuenta.<\/p>\n\n\n\n<p>Informaci\u00f3n recopilada autom\u00e1ticamente: Recopilamos autom\u00e1ticamente cierta informaci\u00f3n sobre ti y el dispositivo que utilizas para acceder al sitio web. Por ejemplo, cuando usas el sitio, registramos tu direcci\u00f3n IP, el tipo de sistema operativo, el tipo de navegador, el sitio web de referencia, las p\u00e1ginas que visitas y las fechas\/horarios de acceso al sitio. Tambi\u00e9n podemos recopilar informaci\u00f3n sobre las acciones que realizas mientras navegas por el sitio, como los enlaces en los que haces clic.<\/p>\n\n\n\n<p><strong>Cookies:<\/strong> Podemos registrar informaci\u00f3n mediante el uso de cookies, que son peque\u00f1os archivos de datos almacenados en tu navegador por el sitio web. Podemos utilizar tanto cookies de sesi\u00f3n, que expiran al cerrar el navegador, como cookies persistentes, que permanecen en tu navegador hasta que las elimines, con el fin de ofrecerte una experiencia m\u00e1s personalizada en el sitio web.<\/p>\n\n\n\n<h4 class=\"wp-block-heading\">\u00bfC\u00d3MO UTILIZAREMOS TU INFORMACI\u00d3N?<\/h4>\n\n\n\n<p>Podemos utilizar la informaci\u00f3n recopilada de las siguientes maneras:<\/p>\n\n\n\n<ul class=\"wp-block-list\">\n<li>Para operar y mantener el sitio web;<\/li>\n\n\n\n<li>Para crear tu cuenta, identificarte como usuario del sitio web y personalizar el sitio seg\u00fan tu cuenta;<\/li>\n\n\n\n<li>Para enviarte informaci\u00f3n promocional, como boletines informativos. Cada comunicaci\u00f3n incluir\u00e1 informaci\u00f3n sobre c\u00f3mo darte de baja de futuros env\u00edos;<\/li>\n\n\n\n<li>Para enviarte comunicaciones administrativas, como correos de confirmaci\u00f3n, avisos t\u00e9cnicos, actualizaciones de pol\u00edticas o alertas de seguridad;<\/li>\n\n\n\n<li>Para responder a tus comentarios o consultas;<\/li>\n\n\n\n<li>Para brindarte soporte al usuario;<\/li>\n\n\n\n<li>Para rastrear y medir la publicidad en el sitio web;<\/li>\n\n\n\n<li>Para proteger, investigar y prevenir actividades no autorizadas o ilegales.<\/li>\n<\/ul>\n\n\n\n<h4 class=\"wp-block-heading\">\u00bfCU\u00c1NTO TIEMPO CONSERVAREMOS TU INFORMACI\u00d3N?<\/h4>\n\n\n\n<p>Tu informaci\u00f3n personal se mantiene privada y se almacena de forma segura hasta que ya no sea necesaria, no tenga utilidad o solicites que sea eliminada (borrada).<\/p>\n\n\n\n<h4 class=\"wp-block-heading\">USO DE INFORMACI\u00d3N PERSONAL POR TERCEROS<\/h4>\n\n\n\n<p>No compartimos ni vendemos tu informaci\u00f3n a terceros.<\/p>\n\n\n\n<p>Sin embargo, el sitio web puede utilizar proveedores de servicios externos para diferentes aspectos del funcionamiento del sitio. El uso de tu informaci\u00f3n personal por parte de cada proveedor est\u00e1 regulado por sus respectivas pol\u00edticas de privacidad<\/p>\n\n\n\n<p>Actualmente, el sitio web utiliza los siguientes proveedores de servicios externos:<\/p>\n\n\n\n<p><strong>Google Analytics<\/strong>: este servicio rastrea el uso del sitio web y proporciona informaci\u00f3n como los sitios web de referencia y las acciones de los usuarios en el sitio. Google Analytics puede capturar tu direcci\u00f3n IP, pero no recopila otra informaci\u00f3n personal.<\/p>\n\n\n\n<p>En este momento, tu informaci\u00f3n personal no se comparte con ninguna otra aplicaci\u00f3n de terceros. Esta lista puede ser modificada ocasionalmente a discreci\u00f3n exclusiva del sitio web.<\/p>\n\n\n\n<p>Salvo cuando lo exija la ley, no venderemos, distribuiremos ni revelaremos tus direcciones de correo electr\u00f3nico u otra informaci\u00f3n personal sin tu consentimiento; sin embargo, podemos divulgar o transferir informaci\u00f3n personal recopilada a trav\u00e9s del sitio web a terceros que adquieran la totalidad o parte de nuestro negocio, lo cual puede ser resultado de una fusi\u00f3n, consolidaci\u00f3n o compra total o parcial de nuestros activos, o en relaci\u00f3n con cualquier procedimiento de quiebra o reorganizaci\u00f3n presentado por o contra nosotros.<\/p>\n\n\n\n<h4 class=\"wp-block-heading\">DATOS AN\u00d3NIMOS<\/h4>\n\n\n\n<p>Ocasionalmente, podemos utilizar datos an\u00f3nimos, los cuales no te identifican por s\u00ed solos ni en combinaci\u00f3n con datos de otras fuentes. Este tipo de datos an\u00f3nimos puede ser compartido con terceros para fines de marketing, publicidad u otros usos. Ejemplos de estos datos an\u00f3nimos incluyen estad\u00edsticas o informaci\u00f3n recopilada a trav\u00e9s de cookies.<\/p>\n\n\n\n<h4 class=\"wp-block-heading\">INFORMACI\u00d3N VISIBLE P\u00daBLICAMENTE<\/h4>\n\n\n\n<p>Si creas un perfil de usuario en el sitio web o dejas un comentario, cierta informaci\u00f3n puede ser visible p\u00fablicamente. Para crear un perfil de usuario, debes elegir un nombre de usuario y una contrase\u00f1a, e ingresar tu direcci\u00f3n de correo electr\u00f3nico para confirmar el perfil. Tu direcci\u00f3n de correo electr\u00f3nico nunca ser\u00e1 visible p\u00fablicamente. Opcionalmente, puedes a\u00f1adir un avatar, una descripci\u00f3n de perfil y un enlace a tu sitio web.<\/p>\n\n\n\n<p>Los usuarios pueden ver tu nombre de usuario, avatar, descripci\u00f3n del perfil e informaci\u00f3n de tu sitio web.<\/p>\n\n\n\n<h4 class=\"wp-block-heading\">COOKIES<\/h4>\n\n\n\n<p>El sitio web utiliza cookies para almacenar las preferencias de los visitantes, registrar informaci\u00f3n espec\u00edfica del usuario sobre las p\u00e1ginas que accede o visita, evitar que se le muestren repetidamente los mismos anuncios, y personalizar el contenido del sitio seg\u00fan el tipo de navegador u otra informaci\u00f3n enviada por el visitante. Las cookies tambi\u00e9n pueden ser utilizadas por servicios de terceros, como Google Analytics, seg\u00fan lo descrito en este documento.<\/p>\n\n\n\n<p>Los usuarios pueden, en cualquier momento, evitar la instalaci\u00f3n de cookies por parte del sitio web mediante la configuraci\u00f3n correspondiente de su navegador de Internet, y as\u00ed negar permanentemente su uso. Adem\u00e1s, las cookies ya instaladas pueden eliminarse en cualquier momento a trav\u00e9s del navegador de Internet u otros programas de software. Esto es posible en todos los navegadores de uso com\u00fan. Sin embargo, si los usuarios desactivan la instalaci\u00f3n de cookies en su navegador, es posible que no todas las funciones de nuestro sitio web est\u00e9n disponibles o funcionen correctamente.<\/p>\n\n\n\n<h4 class=\"wp-block-heading\">PUBLICIDAD<\/h4>\n\n\n\n<p><strong>Anuncios visuales<\/strong>: En alg\u00fan momento, podemos utilizar empresas publicitarias de terceros para mostrar contenido y anuncios cuando visites el sitio web, las cuales pueden utilizar cookies, como se mencion\u00f3 anteriormente.<\/p>\n\n\n\n<p><strong>Anuncios de retargeting:<\/strong> Ocasionalmente, el sitio web puede llevar a cabo campa\u00f1as de remarketing con empresas de terceros, como Google, Facebook o Instagram, con el fin de promocionar el sitio. Estas empresas utilizan cookies para mostrar anuncios basados en visitas anteriores al sitio web.<\/p>\n\n\n\n<p><strong>Actualizaciones por correo electr\u00f3nico: <\/strong>En el sitio web, en alg\u00fan momento, puedes suscribirte para recibir actualizaciones por correo electr\u00f3nico, las cuales tambi\u00e9n pueden utilizarse con fines de marketing.<\/p>\n\n\n\n<p>No enviamos spam ni informaci\u00f3n enga\u00f1osa y no venderemos, alquilaremos ni compartiremos tu direcci\u00f3n de correo electr\u00f3nico.<\/p>\n\n\n\n<h4 class=\"wp-block-heading\">YOUR PERSONAL INFORMATION\u00a0RIGHTS<\/h4>\n\n\n\n<p><strong>Opt-out:<\/strong> Puedes darte de baja de futuras comunicaciones por correo electr\u00f3nico siguiendo los enlaces para cancelar la suscripci\u00f3n incluidos en nuestros correos. Tambi\u00e9n puedes notificarnos a <a>info@nvcabogados.com<\/a> para ser eliminado de nuestra lista de correo.<\/p>\n\n\n\n<p><strong>Acceso:<\/strong> Puedes acceder a la informaci\u00f3n personal que tenemos sobre ti enviando una solicitud a <a>info@nvcabogados.com<\/a>.<\/p>\n\n\n\n<p><strong>Modificaci\u00f3n:<\/strong> Puedes contactarnos a <a>info@nvcabogados.com<\/a> para modificar o actualizar tu informaci\u00f3n personal.<\/p>\n\n\n\n<p><strong>Olvido:<\/strong> En ciertas situaciones, puedes solicitar que borremos o eliminemos tus datos personales. Para hacerlo, env\u00eda una solicitud a <a>info@nvcabogados.com<\/a>.<\/p>\n\n\n\n<p>Ten en cuenta que podr\u00edamos necesitar conservar cierta informaci\u00f3n para fines de registro, para completar transacciones o cuando lo exija la ley.<\/p>\n\n\n\n<p><strong>Quejas:<\/strong> Puedes presentar una queja en cualquier momento ante una autoridad de supervisi\u00f3n sobre la recopilaci\u00f3n y el tratamiento de tus datos personales por parte de NVC Abogados.<strong>Opt-out:<\/strong> You may opt-out of future email communications by following the unsubscribe links in our emails. You may also notify us at info@nvcabogados.com to be removed from our mailing list.<\/p>\n\n\n\n<h4 class=\"wp-block-heading\">INFORMACI\u00d3N PERSONAL SENSIBLE<\/h4>\n\n\n\n<p>En ning\u00fan momento debes enviar informaci\u00f3n personal sensible al sitio web. Esto incluye tu n\u00famero de seguro social, informaci\u00f3n sobre origen racial o \u00e9tnico, opiniones pol\u00edticas, creencias religiosas, informaci\u00f3n de salud, antecedentes penales o afiliaciones sindicales. Si decides enviarnos dicha informaci\u00f3n, estar\u00e1 sujeta a esta Pol\u00edtica de Privacidad.<\/p>\n\n\n\n<h4 class=\"wp-block-heading\">INFORMACI\u00d3N DE MENORES DE EDAD<\/h4>\n\n\n\n<p>El sitio web no recopila conscientemente ninguna informaci\u00f3n personal identificable de menores de 16 a\u00f1os. Si un padre, madre o tutor cree que el sitio web posee informaci\u00f3n personal identificable de un menor de 16 a\u00f1os en su base de datos, por favor cont\u00e1ctanos de inmediato a <a>info@nvcabogados.com<\/a> y haremos todo lo posible por eliminar dicha informaci\u00f3n de nuestros registros a la brevedad.<\/p>\n\n\n\n<p><\/p>\n","protected":false},"excerpt":{"rendered":"<p>La direcci\u00f3n de nuestro sitio web es https:\/\/nvcabogados.com. Somos un estudio jur\u00eddico registrado en Lima, Per\u00fa (RUC: 20522649369). Nuestra direcci\u00f3n fiscal es: NVC Abogados, Jr. Pedro Martinto 150 \u2013 Dpto. 103, Distrito de Barranco, Lima 04, Per\u00fa. NVC Abogados se rige por la siguiente pol\u00edtica de privacidad (\u201cPol\u00edtica de Privacidad\u201d). Respetamos tu privacidad y estamos [&hellip;]<\/p>\n","protected":false},"author":4,"featured_media":0,"parent":0,"menu_order":0,"comment_status":"closed","ping_status":"closed","template":"","meta":{"site-sidebar-layout":"default","site-content-layout":"default","ast-site-content-layout":"default","site-content-style":"default","site-sidebar-style":"default","ast-global-header-display":"","ast-banner-title-visibility":"","ast-main-header-display":"","ast-hfb-above-header-display":"","ast-hfb-below-header-display":"","ast-hfb-mobile-header-display":"","site-post-title":"","ast-breadcrumbs-content":"","ast-featured-img":"","footer-sml-layout":"","theme-transparent-header-meta":"default","adv-header-id-meta":"","stick-header-meta":"","header-above-stick-meta":"","header-main-stick-meta":"","header-below-stick-meta":"","astra-migrate-meta-layouts":"set","ast-page-background-enabled":"default","ast-page-background-meta":{"desktop":{"background-color":"","background-image":"","background-repeat":"repeat","background-position":"center center","background-size":"auto","background-attachment":"scroll","background-type":"","background-media":"","overlay-type":"","overlay-color":"","overlay-opacity":"","overlay-gradient":""},"tablet":{"background-color":"","background-image":"","background-repeat":"repeat","background-position":"center center","background-size":"auto","background-attachment":"scroll","background-type":"","background-media":"","overlay-type":"","overlay-color":"","overlay-opacity":"","overlay-gradient":""},"mobile":{"background-color":"","background-image":"","background-repeat":"repeat","background-position":"center center","background-size":"auto","background-attachment":"scroll","background-type":"","background-media":"","overlay-type":"","overlay-color":"","overlay-opacity":"","overlay-gradient":""}},"ast-content-background-meta":{"desktop":{"background-color":"var(--ast-global-color-5)","background-image":"","background-repeat":"repeat","background-position":"center center","background-size":"auto","background-attachment":"scroll","background-type":"","background-media":"","overlay-type":"","overlay-color":"","overlay-opacity":"","overlay-gradient":""},"tablet":{"background-color":"var(--ast-global-color-5)","background-image":"","background-repeat":"repeat","background-position":"center center","background-size":"auto","background-attachment":"scroll","background-type":"","background-media":"","overlay-type":"","overlay-color":"","overlay-opacity":"","overlay-gradient":""},"mobile":{"background-color":"var(--ast-global-color-5)","background-image":"","background-repeat":"repeat","background-position":"center center","background-size":"auto","background-attachment":"scroll","background-type":"","background-media":"","overlay-type":"","overlay-color":"","overlay-opacity":"","overlay-gradient":""}},"footnotes":""},"categories":[],"tags":[],"class_list":["post-4162","page","type-page","status-publish","hentry"],"_links":{"self":[{"href":"https:\/\/nvcabogados.com\/es\/wp-json\/wp\/v2\/pages\/4162","targetHints":{"allow":["GET"]}}],"collection":[{"href":"https:\/\/nvcabogados.com\/es\/wp-json\/wp\/v2\/pages"}],"about":[{"href":"https:\/\/nvcabogados.com\/es\/wp-json\/wp\/v2\/types\/page"}],"author":[{"embeddable":true,"href":"https:\/\/nvcabogados.com\/es\/wp-json\/wp\/v2\/users\/4"}],"replies":[{"embeddable":true,"href":"https:\/\/nvcabogados.com\/es\/wp-json\/wp\/v2\/comments?post=4162"}],"version-history":[{"count":4,"href":"https:\/\/nvcabogados.com\/es\/wp-json\/wp\/v2\/pages\/4162\/revisions"}],"predecessor-version":[{"id":4170,"href":"https:\/\/nvcabogados.com\/es\/wp-json\/wp\/v2\/pages\/4162\/revisions\/4170"}],"wp:attachment":[{"href":"https:\/\/nvcabogados.com\/es\/wp-json\/wp\/v2\/media?parent=4162"}],"wp:term":[{"taxonomy":"category","embeddable":true,"href":"https:\/\/nvcabogados.com\/es\/wp-json\/wp\/v2\/categories?post=4162"},{"taxonomy":"post_tag","embeddable":true,"href":"https:\/\/nvcabogados.com\/es\/wp-json\/wp\/v2\/tags?post=4162"}],"curies":[{"name":"wp","href":"https:\/\/api.w.org\/{rel}","templated":true}]}}