{"id":4171,"date":"2019-07-23T16:42:46","date_gmt":"2019-07-23T21:42:46","guid":{"rendered":"https:\/\/nvcabogados.com\/real-estate\/"},"modified":"2025-08-04T11:40:26","modified_gmt":"2025-08-04T16:40:26","slug":"bienes-raices-impuestos","status":"publish","type":"page","link":"https:\/\/nvcabogados.com\/es\/bienes-raices-impuestos\/","title":{"rendered":"Bienes Ra\u00edces y Tributaci\u00f3n en el Per\u00fa"},"content":{"rendered":"\t\t<div data-elementor-type=\"wp-page\" data-elementor-id=\"4171\" class=\"elementor elementor-4171 elementor-1245\">\n\t\t\t\t\t\t<section class=\"elementor-section elementor-top-section elementor-element elementor-element-861e936 elementor-section-full_width elementor-section-height-min-height elementor-section-height-default elementor-section-items-middle\" data-id=\"861e936\" data-element_type=\"section\" data-e-type=\"section\">\n\t\t\t\t\t\t\t<div class=\"elementor-background-overlay\"><\/div>\n\t\t\t\t\t\t\t<div class=\"elementor-container elementor-column-gap-default\">\n\t\t\t\t\t<div class=\"elementor-column elementor-col-100 elementor-top-column elementor-element elementor-element-c020a4a\" data-id=\"c020a4a\" data-element_type=\"column\" data-e-type=\"column\">\n\t\t\t<div class=\"elementor-widget-wrap elementor-element-populated\">\n\t\t\t\t\t\t<div class=\"elementor-element elementor-element-ec78ab7 elementor-widget elementor-widget-heading\" data-id=\"ec78ab7\" data-element_type=\"widget\" data-e-type=\"widget\" data-widget_type=\"heading.default\">\n\t\t\t\t<div class=\"elementor-widget-container\">\n\t\t\t\t\t<h1 class=\"elementor-heading-title elementor-size-default\">Bienes Ra\u00edces y Tributaci\u00f3n en Per\u00fa \u2013 Asesor\u00eda Legal y Tributaria para Extranjeros e Inversionistas\n<\/h1>\t\t\t\t<\/div>\n\t\t\t\t<\/div>\n\t\t\t\t\t<\/div>\n\t\t<\/div>\n\t\t\t\t\t<\/div>\n\t\t<\/section>\n\t\t\t\t<section class=\"elementor-section elementor-top-section elementor-element elementor-element-dce509d elementor-section-boxed elementor-section-height-default elementor-section-height-default\" data-id=\"dce509d\" data-element_type=\"section\" data-e-type=\"section\">\n\t\t\t\t\t\t<div class=\"elementor-container elementor-column-gap-default\">\n\t\t\t\t\t<div class=\"elementor-column elementor-col-100 elementor-top-column elementor-element elementor-element-8a980dc\" data-id=\"8a980dc\" data-element_type=\"column\" data-e-type=\"column\">\n\t\t\t<div class=\"elementor-widget-wrap elementor-element-populated\">\n\t\t\t\t\t\t<div class=\"elementor-element elementor-element-65d9617 elementor-widget elementor-widget-text-editor\" data-id=\"65d9617\" data-element_type=\"widget\" data-e-type=\"widget\" data-widget_type=\"text-editor.default\">\n\t\t\t\t<div class=\"elementor-widget-container\">\n\t\t\t\t\t\t\t\t\t<p data-start=\"0\" data-end=\"331\">Invertir en bienes ra\u00edces o hacer negocios en Per\u00fa puede ser una decisi\u00f3n inteligente, pero tambi\u00e9n implica ciertas complejidades legales y tributarias. En NVC Abogados, estamos especializados en ayudar a extranjeros, n\u00f3madas digitales e inversionistas internacionales a navegar el sistema legal y tributario peruano con confianza.<\/p><p data-start=\"333\" data-end=\"820\" data-is-last-node=\"\" data-is-only-node=\"\">Ya sea que est\u00e9s comprando una propiedad en Per\u00fa, necesites apoyo con impuestos prediales o busques asesor\u00eda fiscal personalizada, nuestro equipo con experiencia est\u00e1 aqu\u00ed para acompa\u00f1arte en cada etapa del proceso. Tambi\u00e9n brindamos asistencia legal para la constituci\u00f3n de empresas en Per\u00fa, lo que no solo te permite establecer tu negocio, sino que tambi\u00e9n puede servir como base para obtener una Visa de Trabajo, permiti\u00e9ndote vivir en Per\u00fa como director general de tu propia empresa.<\/p>\t\t\t\t\t\t\t\t<\/div>\n\t\t\t\t<\/div>\n\t\t\t\t\t<\/div>\n\t\t<\/div>\n\t\t\t\t\t<\/div>\n\t\t<\/section>\n\t\t\t\t<section class=\"elementor-section elementor-top-section elementor-element elementor-element-0a7e8c3 elementor-section-full_width elementor-section-height-default elementor-section-height-default\" data-id=\"0a7e8c3\" data-element_type=\"section\" data-e-type=\"section\">\n\t\t\t\t\t\t\t<div class=\"elementor-background-overlay\"><\/div>\n\t\t\t\t\t\t\t<div class=\"elementor-container elementor-column-gap-default\">\n\t\t\t\t\t<div class=\"elementor-column elementor-col-100 elementor-top-column elementor-element elementor-element-598d44f\" data-id=\"598d44f\" data-element_type=\"column\" data-e-type=\"column\">\n\t\t\t<div class=\"elementor-widget-wrap elementor-element-populated\">\n\t\t\t\t\t\t<section class=\"elementor-section elementor-inner-section elementor-element elementor-element-3c2bbee elementor-section-boxed elementor-section-height-default elementor-section-height-default\" data-id=\"3c2bbee\" data-element_type=\"section\" data-e-type=\"section\">\n\t\t\t\t\t\t<div class=\"elementor-container elementor-column-gap-default\">\n\t\t\t\t\t<div class=\"elementor-column elementor-col-50 elementor-inner-column elementor-element elementor-element-4ee952a\" data-id=\"4ee952a\" data-element_type=\"column\" data-e-type=\"column\" data-settings=\"{&quot;background_background&quot;:&quot;classic&quot;}\">\n\t\t\t<div class=\"elementor-widget-wrap elementor-element-populated\">\n\t\t\t\t\t\t<div class=\"elementor-element elementor-element-2d2e70e elementor-widget elementor-widget-heading\" data-id=\"2d2e70e\" data-element_type=\"widget\" data-e-type=\"widget\" data-widget_type=\"heading.default\">\n\t\t\t\t<div class=\"elementor-widget-container\">\n\t\t\t\t\t<h2 class=\"elementor-heading-title elementor-size-default\">Bienes Ra\u00edces en Per\u00fa\n<\/h2>\t\t\t\t<\/div>\n\t\t\t\t<\/div>\n\t\t\t\t<div class=\"elementor-element elementor-element-1dc13ee elementor-widget elementor-widget-text-editor\" data-id=\"1dc13ee\" data-element_type=\"widget\" data-e-type=\"widget\" data-widget_type=\"text-editor.default\">\n\t\t\t\t<div class=\"elementor-widget-container\">\n\t\t\t\t\t\t\t\t\t<p class=\"\" data-start=\"284\" data-end=\"569\">Asistencia paso a paso y asesor\u00eda personalizada para extranjeros que compran, venden o alquilan propiedades en Per\u00fa. Te ayudamos con los contratos, la verificaci\u00f3n de t\u00edtulos, los procesos notariales y la inscripci\u00f3n registral. Nos aseguramos de que la transacci\u00f3n sea legalmente segura y adaptada a tu situaci\u00f3n.<\/p>\t\t\t\t\t\t\t\t<\/div>\n\t\t\t\t<\/div>\n\t\t\t\t\t<\/div>\n\t\t<\/div>\n\t\t\t\t<div class=\"elementor-column elementor-col-50 elementor-inner-column elementor-element elementor-element-ba95137\" data-id=\"ba95137\" data-element_type=\"column\" data-e-type=\"column\" data-settings=\"{&quot;background_background&quot;:&quot;classic&quot;}\">\n\t\t\t<div class=\"elementor-widget-wrap elementor-element-populated\">\n\t\t\t\t\t\t<div class=\"elementor-element elementor-element-7fd00d4 elementor-widget elementor-widget-heading\" data-id=\"7fd00d4\" data-element_type=\"widget\" data-e-type=\"widget\" data-widget_type=\"heading.default\">\n\t\t\t\t<div class=\"elementor-widget-container\">\n\t\t\t\t\t<h2 class=\"elementor-heading-title elementor-size-default\">Impuestos a la propiedad\n<\/h2>\t\t\t\t<\/div>\n\t\t\t\t<\/div>\n\t\t\t\t<div class=\"elementor-element elementor-element-8705e23 elementor-widget elementor-widget-text-editor\" data-id=\"8705e23\" data-element_type=\"widget\" data-e-type=\"widget\" data-widget_type=\"text-editor.default\">\n\t\t\t\t<div class=\"elementor-widget-container\">\n\t\t\t\t\t\t\t\t\t<p class=\"\" data-start=\"284\" data-end=\"569\">Mantente al d\u00eda con las obligaciones tributarias relacionadas con bienes ra\u00edces en Per\u00fa. Te ayudamos a entender los impuestos anuales, las tasas municipales y c\u00f3mo manejar tus responsabilidades como propietario, incluso si vives en el extranjero. Te explicamos qu\u00e9 plazos aplican y c\u00f3mo calcular correctamente tus obligaciones.<\/p>\t\t\t\t\t\t\t\t<\/div>\n\t\t\t\t<\/div>\n\t\t\t\t\t<\/div>\n\t\t<\/div>\n\t\t\t\t\t<\/div>\n\t\t<\/section>\n\t\t\t\t<section class=\"elementor-section elementor-inner-section elementor-element elementor-element-b5c2b75 elementor-section-boxed elementor-section-height-default elementor-section-height-default\" data-id=\"b5c2b75\" data-element_type=\"section\" data-e-type=\"section\">\n\t\t\t\t\t\t<div class=\"elementor-container elementor-column-gap-default\">\n\t\t\t\t\t<div class=\"elementor-column elementor-col-50 elementor-inner-column elementor-element elementor-element-f3316d3\" data-id=\"f3316d3\" data-element_type=\"column\" data-e-type=\"column\" data-settings=\"{&quot;background_background&quot;:&quot;classic&quot;}\">\n\t\t\t<div class=\"elementor-widget-wrap elementor-element-populated\">\n\t\t\t\t\t\t<div class=\"elementor-element elementor-element-56a2ec2 elementor-widget elementor-widget-heading\" data-id=\"56a2ec2\" data-element_type=\"widget\" data-e-type=\"widget\" data-widget_type=\"heading.default\">\n\t\t\t\t<div class=\"elementor-widget-container\">\n\t\t\t\t\t<h2 class=\"elementor-heading-title elementor-size-default\">Asesor\u00eda tributaria para extranjeros:\n<\/h2>\t\t\t\t<\/div>\n\t\t\t\t<\/div>\n\t\t\t\t<div class=\"elementor-element elementor-element-41d787c elementor-widget elementor-widget-text-editor\" data-id=\"41d787c\" data-element_type=\"widget\" data-e-type=\"widget\" data-widget_type=\"text-editor.default\">\n\t\t\t\t<div class=\"elementor-widget-container\">\n\t\t\t\t\t\t\t\t\t<p class=\"\" data-start=\"284\" data-end=\"569\">Ofrecemos planificaci\u00f3n fiscal personalizada seg\u00fan tu estatus de residencia, fuentes de ingreso y pa\u00eds de origen. Nuestro equipo se mantiene al d\u00eda con los convenios internacionales y las normativas locales para garantizar que tu estrategia fiscal sea conforme a la ley, eficiente y adaptada a tu situaci\u00f3n personal.<\/p>\t\t\t\t\t\t\t\t<\/div>\n\t\t\t\t<\/div>\n\t\t\t\t\t<\/div>\n\t\t<\/div>\n\t\t\t\t<div class=\"elementor-column elementor-col-50 elementor-inner-column elementor-element elementor-element-91fe410\" data-id=\"91fe410\" data-element_type=\"column\" data-e-type=\"column\" data-settings=\"{&quot;background_background&quot;:&quot;classic&quot;}\">\n\t\t\t<div class=\"elementor-widget-wrap elementor-element-populated\">\n\t\t\t\t\t\t<div class=\"elementor-element elementor-element-bfb2aed elementor-widget elementor-widget-heading\" data-id=\"bfb2aed\" data-element_type=\"widget\" data-e-type=\"widget\" data-widget_type=\"heading.default\">\n\t\t\t\t<div class=\"elementor-widget-container\">\n\t\t\t\t\t<h2 class=\"elementor-heading-title elementor-size-default\">Constituci\u00f3n de empresas:\n<\/h2>\t\t\t\t<\/div>\n\t\t\t\t<\/div>\n\t\t\t\t<div class=\"elementor-element elementor-element-6a8bfa8 elementor-widget elementor-widget-text-editor\" data-id=\"6a8bfa8\" data-element_type=\"widget\" data-e-type=\"widget\" data-widget_type=\"text-editor.default\">\n\t\t\t\t<div class=\"elementor-widget-container\">\n\t\t\t\t\t\t\t\t\t<p class=\"\" data-start=\"284\" data-end=\"569\">\u00bfQuieres iniciar un negocio en Per\u00fa? Ofrecemos asesor\u00eda legal para la constituci\u00f3n de SAC u otros tipos de entidades, obtenci\u00f3n de RUC y comprensi\u00f3n de tus obligaciones tributarias empresariales. Fundar una empresa tambi\u00e9n puede abrirte la puerta a una Visa de Trabajo, permiti\u00e9ndote vivir en Per\u00fa como director general de tu propio negocio.<\/p>\t\t\t\t\t\t\t\t<\/div>\n\t\t\t\t<\/div>\n\t\t\t\t\t<\/div>\n\t\t<\/div>\n\t\t\t\t\t<\/div>\n\t\t<\/section>\n\t\t\t\t\t<\/div>\n\t\t<\/div>\n\t\t\t\t\t<\/div>\n\t\t<\/section>\n\t\t\t\t<section class=\"elementor-section elementor-top-section elementor-element elementor-element-870c471 elementor-section-full_width elementor-section-stretched elementor-section-height-default elementor-section-height-default\" data-id=\"870c471\" data-element_type=\"section\" data-e-type=\"section\" data-settings=\"{&quot;background_background&quot;:&quot;classic&quot;,&quot;stretch_section&quot;:&quot;section-stretched&quot;}\">\n\t\t\t\t\t\t\t<div class=\"elementor-background-overlay\"><\/div>\n\t\t\t\t\t\t\t<div class=\"elementor-container elementor-column-gap-default\">\n\t\t\t\t\t<div class=\"elementor-column elementor-col-100 elementor-top-column elementor-element elementor-element-affc114\" data-id=\"affc114\" data-element_type=\"column\" data-e-type=\"column\">\n\t\t\t<div class=\"elementor-widget-wrap elementor-element-populated\">\n\t\t\t\t\t\t<section class=\"elementor-section elementor-inner-section elementor-element elementor-element-1cf6c66 elementor-section-boxed elementor-section-height-default elementor-section-height-default\" data-id=\"1cf6c66\" data-element_type=\"section\" data-e-type=\"section\">\n\t\t\t\t\t\t<div class=\"elementor-container elementor-column-gap-default\">\n\t\t\t\t\t<div class=\"elementor-column elementor-col-50 elementor-inner-column elementor-element elementor-element-9f436c5\" data-id=\"9f436c5\" data-element_type=\"column\" data-e-type=\"column\">\n\t\t\t<div class=\"elementor-widget-wrap elementor-element-populated\">\n\t\t\t\t\t\t<div class=\"elementor-element elementor-element-5de2d3b elementor-widget elementor-widget-image\" data-id=\"5de2d3b\" data-element_type=\"widget\" data-e-type=\"widget\" data-widget_type=\"image.default\">\n\t\t\t\t<div class=\"elementor-widget-container\">\n\t\t\t\t\t\t\t\t\t\t\t\t\t\t\t<img decoding=\"async\" src=\"https:\/\/nvcabogados.com\/wp-content\/uploads\/elementor\/thumbs\/Sergio400x400-r6gs7ovze29j3e8cmtkyipl85uktqhxzst5cmp5a5c.png\" title=\"Sergio400x400\" alt=\"Sergio400x400\" loading=\"lazy\" \/>\t\t\t\t\t\t\t\t\t\t\t\t\t\t\t<\/div>\n\t\t\t\t<\/div>\n\t\t\t\t\t<\/div>\n\t\t<\/div>\n\t\t\t\t<div class=\"elementor-column elementor-col-50 elementor-inner-column elementor-element elementor-element-9a3476b\" data-id=\"9a3476b\" data-element_type=\"column\" data-e-type=\"column\">\n\t\t\t<div class=\"elementor-widget-wrap elementor-element-populated\">\n\t\t\t\t\t\t<div class=\"elementor-element elementor-element-f050286 elementor-widget elementor-widget-heading\" data-id=\"f050286\" data-element_type=\"widget\" data-e-type=\"widget\" data-widget_type=\"heading.default\">\n\t\t\t\t<div class=\"elementor-widget-container\">\n\t\t\t\t\t<h2 class=\"elementor-heading-title elementor-size-default\">\u00bfNecesitas claridad sobre impuestos y bienes ra\u00edces en Per\u00fa?\n<\/h2>\t\t\t\t<\/div>\n\t\t\t\t<\/div>\n\t\t\t\t<div class=\"elementor-element elementor-element-5a891c6 elementor-widget elementor-widget-text-editor\" data-id=\"5a891c6\" data-element_type=\"widget\" data-e-type=\"widget\" data-widget_type=\"text-editor.default\">\n\t\t\t\t<div class=\"elementor-widget-container\">\n\t\t\t\t\t\t\t\t\t<p data-start=\"0\" data-end=\"184\">Comprar una propiedad o gestionar impuestos en Per\u00fa como extranjero puede ser complicado. Una consulta privada te ayuda a evitar errores costosos y garantiza que el proceso sea fluido.<\/p><p data-start=\"186\" data-end=\"394\"><strong>Agenda una consulta privada con Sergio Vargas para recibir asesor\u00eda clara y personalizada sobre todos los aspectos legales y tributarios relacionados con la compra de tu propiedad y tus obligaciones fiscales.<\/strong><\/p><p data-start=\"396\" data-end=\"470\" data-is-last-node=\"\" data-is-only-node=\"\">La sesi\u00f3n se realiza por Zoom y puede llevarse a cabo en ingl\u00e9s o espa\u00f1ol.<\/p>\t\t\t\t\t\t\t\t<\/div>\n\t\t\t\t<\/div>\n\t\t\t\t<div class=\"elementor-element elementor-element-c14246d elementor-align-center elementor-widget elementor-widget-button\" data-id=\"c14246d\" data-element_type=\"widget\" data-e-type=\"widget\" data-widget_type=\"button.default\">\n\t\t\t\t<div class=\"elementor-widget-container\">\n\t\t\t\t\t\t\t\t\t<div class=\"elementor-button-wrapper\">\n\t\t\t\t\t<a class=\"elementor-button elementor-button-link elementor-size-sm\" href=\"https:\/\/nvcabogados.com\/es\/consulta\" target=\"_blank\">\n\t\t\t\t\t\t<span class=\"elementor-button-content-wrapper\">\n\t\t\t\t\t\t\t\t\t<span class=\"elementor-button-text\">Haz clic aqu\u00ed para agendar tu consulta<\/span>\n\t\t\t\t\t<\/span>\n\t\t\t\t\t<\/a>\n\t\t\t\t<\/div>\n\t\t\t\t\t\t\t\t<\/div>\n\t\t\t\t<\/div>\n\t\t\t\t\t<\/div>\n\t\t<\/div>\n\t\t\t\t\t<\/div>\n\t\t<\/section>\n\t\t\t\t\t<\/div>\n\t\t<\/div>\n\t\t\t\t\t<\/div>\n\t\t<\/section>\n\t\t\t\t<\/div>\n\t\t","protected":false},"excerpt":{"rendered":"<p>Bienes Ra\u00edces y Tributaci\u00f3n en Per\u00fa \u2013 Asesor\u00eda Legal y Tributaria para Extranjeros e Inversionistas Invertir en bienes ra\u00edces o hacer negocios en Per\u00fa puede ser una decisi\u00f3n inteligente, pero tambi\u00e9n implica ciertas complejidades legales y tributarias. En NVC Abogados, estamos especializados en ayudar a extranjeros, n\u00f3madas digitales e inversionistas internacionales a navegar el sistema [&hellip;]<\/p>\n","protected":false},"author":4,"featured_media":3968,"parent":0,"menu_order":0,"comment_status":"closed","ping_status":"closed","template":"","meta":{"site-sidebar-layout":"no-sidebar","site-content-layout":"page-builder","ast-site-content-layout":"full-width-container","site-content-style":"unboxed","site-sidebar-style":"unboxed","ast-global-header-display":"","ast-banner-title-visibility":"","ast-main-header-display":"","ast-hfb-above-header-display":"","ast-hfb-below-header-display":"","ast-hfb-mobile-header-display":"","site-post-title":"disabled","ast-breadcrumbs-content":"","ast-featured-img":"disabled","footer-sml-layout":"","theme-transparent-header-meta":"default","adv-header-id-meta":"","stick-header-meta":"","header-above-stick-meta":"","header-main-stick-meta":"","header-below-stick-meta":"","astra-migrate-meta-layouts":"set","ast-page-background-enabled":"default","ast-page-background-meta":{"desktop":{"background-color":"","background-image":"","background-repeat":"repeat","background-position":"center center","background-size":"auto","background-attachment":"scroll","background-type":"","background-media":"","overlay-type":"","overlay-color":"","overlay-opacity":"","overlay-gradient":""},"tablet":{"background-color":"","background-image":"","background-repeat":"repeat","background-position":"center center","background-size":"auto","background-attachment":"scroll","background-type":"","background-media":"","overlay-type":"","overlay-color":"","overlay-opacity":"","overlay-gradient":""},"mobile":{"background-color":"","background-image":"","background-repeat":"repeat","background-position":"center center","background-size":"auto","background-attachment":"scroll","background-type":"","background-media":"","overlay-type":"","overlay-color":"","overlay-opacity":"","overlay-gradient":""}},"ast-content-background-meta":{"desktop":{"background-color":"var(--ast-global-color-5)","background-image":"","background-repeat":"repeat","background-position":"center center","background-size":"auto","background-attachment":"scroll","background-type":"","background-media":"","overlay-type":"","overlay-color":"","overlay-opacity":"","overlay-gradient":""},"tablet":{"background-color":"var(--ast-global-color-5)","background-image":"","background-repeat":"repeat","background-position":"center center","background-size":"auto","background-attachment":"scroll","background-type":"","background-media":"","overlay-type":"","overlay-color":"","overlay-opacity":"","overlay-gradient":""},"mobile":{"background-color":"var(--ast-global-color-5)","background-image":"","background-repeat":"repeat","background-position":"center center","background-size":"auto","background-attachment":"scroll","background-type":"","background-media":"","overlay-type":"","overlay-color":"","overlay-opacity":"","overlay-gradient":""}},"footnotes":""},"categories":[],"tags":[],"class_list":["post-4171","page","type-page","status-publish","has-post-thumbnail","hentry"],"_links":{"self":[{"href":"https:\/\/nvcabogados.com\/es\/wp-json\/wp\/v2\/pages\/4171","targetHints":{"allow":["GET"]}}],"collection":[{"href":"https:\/\/nvcabogados.com\/es\/wp-json\/wp\/v2\/pages"}],"about":[{"href":"https:\/\/nvcabogados.com\/es\/wp-json\/wp\/v2\/types\/page"}],"author":[{"embeddable":true,"href":"https:\/\/nvcabogados.com\/es\/wp-json\/wp\/v2\/users\/4"}],"replies":[{"embeddable":true,"href":"https:\/\/nvcabogados.com\/es\/wp-json\/wp\/v2\/comments?post=4171"}],"version-history":[{"count":16,"href":"https:\/\/nvcabogados.com\/es\/wp-json\/wp\/v2\/pages\/4171\/revisions"}],"predecessor-version":[{"id":4191,"href":"https:\/\/nvcabogados.com\/es\/wp-json\/wp\/v2\/pages\/4171\/revisions\/4191"}],"wp:featuredmedia":[{"embeddable":true,"href":"https:\/\/nvcabogados.com\/es\/wp-json\/wp\/v2\/media\/3968"}],"wp:attachment":[{"href":"https:\/\/nvcabogados.com\/es\/wp-json\/wp\/v2\/media?parent=4171"}],"wp:term":[{"taxonomy":"category","embeddable":true,"href":"https:\/\/nvcabogados.com\/es\/wp-json\/wp\/v2\/categories?post=4171"},{"taxonomy":"post_tag","embeddable":true,"href":"https:\/\/nvcabogados.com\/es\/wp-json\/wp\/v2\/tags?post=4171"}],"curies":[{"name":"wp","href":"https:\/\/api.w.org\/{rel}","templated":true}]}}