{"id":4194,"date":"2025-06-01T01:55:11","date_gmt":"2025-06-01T06:55:11","guid":{"rendered":"https:\/\/nvcabogados.com\/rentista-visa\/"},"modified":"2025-08-04T12:20:43","modified_gmt":"2025-08-04T17:20:43","slug":"rentista-visa","status":"publish","type":"page","link":"https:\/\/nvcabogados.com\/es\/rentista-visa\/","title":{"rendered":"Rentista Visa Peru"},"content":{"rendered":"\t\t<div data-elementor-type=\"wp-page\" data-elementor-id=\"4194\" class=\"elementor elementor-4194 elementor-3122\">\n\t\t\t\t\t\t<section class=\"elementor-section elementor-top-section elementor-element elementor-element-6875876 elementor-section-full_width elementor-section-height-min-height elementor-section-height-default elementor-section-items-middle\" data-id=\"6875876\" data-element_type=\"section\" data-e-type=\"section\">\n\t\t\t\t\t\t\t<div class=\"elementor-background-overlay\"><\/div>\n\t\t\t\t\t\t\t<div class=\"elementor-container elementor-column-gap-default\">\n\t\t\t\t\t<div class=\"elementor-column elementor-col-100 elementor-top-column elementor-element elementor-element-20e3f44\" data-id=\"20e3f44\" data-element_type=\"column\" data-e-type=\"column\">\n\t\t\t<div class=\"elementor-widget-wrap elementor-element-populated\">\n\t\t\t\t\t\t<div class=\"elementor-element elementor-element-ce412ba elementor-widget elementor-widget-heading\" data-id=\"ce412ba\" data-element_type=\"widget\" data-e-type=\"widget\" data-widget_type=\"heading.default\">\n\t\t\t\t<div class=\"elementor-widget-container\">\n\t\t\t\t\t<h1 class=\"elementor-heading-title elementor-size-default\">Rentista (\"Retirement\") Visa para Peru<\/h1>\t\t\t\t<\/div>\n\t\t\t\t<\/div>\n\t\t\t\t\t<\/div>\n\t\t<\/div>\n\t\t\t\t\t<\/div>\n\t\t<\/section>\n\t\t\t\t<section class=\"elementor-section elementor-top-section elementor-element elementor-element-f674204 elementor-section-boxed elementor-section-height-default elementor-section-height-default\" data-id=\"f674204\" data-element_type=\"section\" data-e-type=\"section\">\n\t\t\t\t\t\t<div class=\"elementor-container elementor-column-gap-default\">\n\t\t\t\t\t<div class=\"elementor-column elementor-col-100 elementor-top-column elementor-element elementor-element-e00558c\" data-id=\"e00558c\" data-element_type=\"column\" data-e-type=\"column\">\n\t\t\t<div class=\"elementor-widget-wrap elementor-element-populated\">\n\t\t\t\t\t\t<div class=\"elementor-element elementor-element-8d5ce11 elementor-widget elementor-widget-text-editor\" data-id=\"8d5ce11\" data-element_type=\"widget\" data-e-type=\"widget\" data-widget_type=\"text-editor.default\">\n\t\t\t\t<div class=\"elementor-widget-container\">\n\t\t\t\t\t\t\t\t\t<p>La Visa de Rentista es una opci\u00f3n popular de residencia a largo plazo para personas que pueden demostrar ingresos pasivos estables provenientes del extranjero. Es com\u00fanmente utilizada por jubilados, pero no est\u00e1 limitada a personas en edad de jubilaci\u00f3n. A diferencia de otras visas, no permite empleo formal ni trabajo independiente local en Per\u00fa, pero es ideal para quienes viven de pensiones, alquileres, inversiones u otras fuentes similares.<\/p>\t\t\t\t\t\t\t\t<\/div>\n\t\t\t\t<\/div>\n\t\t\t\t<div class=\"elementor-element elementor-element-88c3a7a elementor-widget elementor-widget-heading\" data-id=\"88c3a7a\" data-element_type=\"widget\" data-e-type=\"widget\" data-widget_type=\"heading.default\">\n\t\t\t\t<div class=\"elementor-widget-container\">\n\t\t\t\t\t<h3 class=\"elementor-heading-title elementor-size-default\">\u00bfQui\u00e9n puede solicitar una visa de rentista?<\/h3>\t\t\t\t<\/div>\n\t\t\t\t<\/div>\n\t\t\t\t<div class=\"elementor-element elementor-element-746f648 elementor-widget elementor-widget-text-editor\" data-id=\"746f648\" data-element_type=\"widget\" data-e-type=\"widget\" data-widget_type=\"text-editor.default\">\n\t\t\t\t<div class=\"elementor-widget-container\">\n\t\t\t\t\t\t\t\t\t<p data-start=\"0\" data-end=\"27\">Esta visa es adecuada para:<\/p><ul data-start=\"29\" data-end=\"284\"><li data-start=\"29\" data-end=\"66\"><p data-start=\"31\" data-end=\"66\">Jubilados que reciben una pensi\u00f3n<\/p><\/li><li data-start=\"67\" data-end=\"183\"><p data-start=\"69\" data-end=\"183\">Personas con ingresos pasivos estables (por ejemplo, de propiedades en alquiler, dividendos o rentas vitalicias)<\/p><\/li><li data-start=\"184\" data-end=\"284\"><p data-start=\"186\" data-end=\"284\">Inversionistas remotos o personas financieramente independientes que desean establecerse en Per\u00fa<\/p><\/li><\/ul><p data-start=\"286\" data-end=\"374\" data-is-last-node=\"\" data-is-only-node=\"\"><strong>Importante:<\/strong> Los ingresos deben provenir del extranjero y ser garantizados y recurrentes.<\/p>\t\t\t\t\t\t\t\t<\/div>\n\t\t\t\t<\/div>\n\t\t\t\t<div class=\"elementor-element elementor-element-652e546 elementor-widget elementor-widget-heading\" data-id=\"652e546\" data-element_type=\"widget\" data-e-type=\"widget\" data-widget_type=\"heading.default\">\n\t\t\t\t<div class=\"elementor-widget-container\">\n\t\t\t\t\t<h3 class=\"elementor-heading-title elementor-size-default\">Requisitos<\/h3>\t\t\t\t<\/div>\n\t\t\t\t<\/div>\n\t\t\t\t<div class=\"elementor-element elementor-element-008133e elementor-widget elementor-widget-text-editor\" data-id=\"008133e\" data-element_type=\"widget\" data-e-type=\"widget\" data-widget_type=\"text-editor.default\">\n\t\t\t\t<div class=\"elementor-widget-container\">\n\t\t\t\t\t\t\t\t\t<article class=\"text-token-text-primary w-full focus:outline-none scroll-mt-[calc(var(--header-height)+min(200px,max(70px,20svh)))]\" dir=\"auto\" tabindex=\"-1\" data-testid=\"conversation-turn-152\" data-scroll-anchor=\"true\" data-turn=\"assistant\"><div class=\"text-base my-auto mx-auto pb-10 [--thread-content-margin:--spacing(4)] @[37rem]:[--thread-content-margin:--spacing(6)] @[72rem]:[--thread-content-margin:--spacing(16)] px-(--thread-content-margin)\"><div class=\"[--thread-content-max-width:32rem] @[34rem]:[--thread-content-max-width:40rem] @[64rem]:[--thread-content-max-width:48rem] mx-auto max-w-(--thread-content-max-width) flex-1 group\/turn-messages focus-visible:outline-hidden relative flex w-full min-w-0 flex-col agent-turn\" tabindex=\"-1\"><div class=\"flex max-w-full flex-col grow\"><div class=\"min-h-8 text-message relative flex w-full flex-col items-end gap-2 text-start break-words whitespace-normal [.text-message+&amp;]:mt-5\" dir=\"auto\" data-message-author-role=\"assistant\" data-message-id=\"463b69e3-1629-4600-b29d-bc64b4efb30a\" data-message-model-slug=\"gpt-4o\"><div class=\"flex w-full flex-col gap-1 empty:hidden first:pt-[3px]\"><div class=\"markdown prose dark:prose-invert w-full break-words dark markdown-new-styling\"><p data-start=\"0\" data-end=\"71\">Para calificar para la Visa de Rentista, deber\u00e1s presentar:<\/p><ul data-start=\"73\" data-end=\"502\"><li data-start=\"73\" data-end=\"193\"><p data-start=\"75\" data-end=\"193\">Un ingreso mensual m\u00ednimo de USD 1,000 (netos)<br data-start=\"121\" data-end=\"124\" \/>\u2192 Este monto debe provenir de una fuente garantizada fuera del Per\u00fa<\/p><\/li><li data-start=\"195\" data-end=\"306\"><p data-start=\"197\" data-end=\"306\">Documentos oficiales que acrediten tus ingresos (por ejemplo, comprobantes de pensi\u00f3n, registros bancarios)<\/p><\/li><li data-start=\"307\" data-end=\"365\"><p data-start=\"309\" data-end=\"365\">Certificado de antecedentes penales del pa\u00eds de origen<\/p><\/li><li data-start=\"366\" data-end=\"434\"><p data-start=\"368\" data-end=\"434\">Prueba de ingreso legal al Per\u00fa (sello de entrada o TAM virtual)<\/p><\/li><li data-start=\"435\" data-end=\"502\"><p data-start=\"437\" data-end=\"502\">Documentaci\u00f3n adicional seg\u00fan tu nacionalidad y tipo de ingreso<\/p><\/li><\/ul><p data-start=\"504\" data-end=\"629\" data-is-last-node=\"\" data-is-only-node=\"\">Todos los documentos extranjeros deben estar apostillados o legalizados y traducidos al espa\u00f1ol por un traductor certificado.<\/p><\/div><\/div><\/div><\/div><\/div><\/div><\/article>\t\t\t\t\t\t\t\t<\/div>\n\t\t\t\t<\/div>\n\t\t\t\t<div class=\"elementor-element elementor-element-cca6036 elementor-widget elementor-widget-heading\" data-id=\"cca6036\" data-element_type=\"widget\" data-e-type=\"widget\" data-widget_type=\"heading.default\">\n\t\t\t\t<div class=\"elementor-widget-container\">\n\t\t\t\t\t<h3 class=\"elementor-heading-title elementor-size-default\">Proceso y cronograma<\/h3>\t\t\t\t<\/div>\n\t\t\t\t<\/div>\n\t\t\t\t<div class=\"elementor-element elementor-element-69934d8 elementor-widget elementor-widget-text-editor\" data-id=\"69934d8\" data-element_type=\"widget\" data-e-type=\"widget\" data-widget_type=\"text-editor.default\">\n\t\t\t\t<div class=\"elementor-widget-container\">\n\t\t\t\t\t\t\t\t\t<ol><li data-start=\"25\" data-end=\"157\"><strong>Recolecci\u00f3n de documentos<\/strong><br data-start=\"50\" data-end=\"53\" \/>Algunos documentos deben solicitarse en tu pa\u00eds de origen \u2014 te ayudamos a planificar con anticipaci\u00f3n.<\/li><li data-start=\"25\" data-end=\"157\"><strong>Traducci\u00f3n y legalizaci\u00f3n<\/strong><br data-start=\"186\" data-end=\"189\" \/>Todos los documentos que no est\u00e9n en espa\u00f1ol deben cumplir con los requisitos legales peruanos.<\/li><li data-start=\"25\" data-end=\"157\"><strong>Presentaci\u00f3n de la solicitud en l\u00ednea<\/strong><br data-start=\"327\" data-end=\"330\" \/>Nosotros nos encargamos de este paso y monitoreamos el estado por ti.<\/li><li data-start=\"25\" data-end=\"157\"><strong>Espera de aprobaci\u00f3n<\/strong><br data-start=\"425\" data-end=\"428\" \/>El tiempo de procesamiento es de aproximadamente 1 a 3 meses, dependiendo de la carga de trabajo de Migraciones.<\/li><li data-start=\"25\" data-end=\"157\"><strong>Recoge tu carn\u00e9 de extranjer\u00eda<\/strong><\/li><li style=\"list-style-type: none;\">\u00a0<\/li><\/ol>\t\t\t\t\t\t\t\t<\/div>\n\t\t\t\t<\/div>\n\t\t\t\t<div class=\"elementor-element elementor-element-0929f2f elementor-widget elementor-widget-heading\" data-id=\"0929f2f\" data-element_type=\"widget\" data-e-type=\"widget\" data-widget_type=\"heading.default\">\n\t\t\t\t<div class=\"elementor-widget-container\">\n\t\t\t\t\t<h3 class=\"elementor-heading-title elementor-size-default\">C\u00f3mo te ayudamos<\/h3>\t\t\t\t<\/div>\n\t\t\t\t<\/div>\n\t\t\t\t<div class=\"elementor-element elementor-element-70a6846 elementor-widget elementor-widget-text-editor\" data-id=\"70a6846\" data-element_type=\"widget\" data-e-type=\"widget\" data-widget_type=\"text-editor.default\">\n\t\t\t\t<div class=\"elementor-widget-container\">\n\t\t\t\t\t\t\t\t\t<p data-start=\"0\" data-end=\"164\">Hemos acompa\u00f1ado a muchos clientes en el proceso de la Visa de Rentista \u2014 desde jubilados con pensiones en EE.UU. hasta europeos que viven de ingresos por alquiler.<\/p><p data-start=\"166\" data-end=\"194\">Nuestros servicios incluyen:<\/p><ul data-start=\"196\" data-end=\"573\"><li data-start=\"196\" data-end=\"229\"><p data-start=\"198\" data-end=\"229\">Evaluaci\u00f3n de tu elegibilidad<\/p><\/li><li data-start=\"230\" data-end=\"267\"><p data-start=\"232\" data-end=\"267\">Asesor\u00eda en toda la documentaci\u00f3n<\/p><\/li><li data-start=\"268\" data-end=\"323\"><p data-start=\"270\" data-end=\"323\">Revisi\u00f3n de tus documentos antes de la presentaci\u00f3n<\/p><\/li><li data-start=\"324\" data-end=\"379\"><p data-start=\"326\" data-end=\"379\">Traducciones certificadas de documentos extranjeros<\/p><\/li><li data-start=\"380\" data-end=\"470\"><p data-start=\"382\" data-end=\"470\">Programaci\u00f3n y acompa\u00f1amiento a citas requeridas (por ejemplo, Interpol y Migraciones)<\/p><\/li><li data-start=\"471\" data-end=\"516\"><p data-start=\"473\" data-end=\"516\">Comunicaci\u00f3n con Migraciones en tu nombre<\/p><\/li><li data-start=\"517\" data-end=\"573\"><p data-start=\"519\" data-end=\"573\">Actualizaciones constantes en cada etapa del proceso<\/p><\/li><\/ul><p data-start=\"575\" data-end=\"651\" data-is-last-node=\"\" data-is-only-node=\"\">Nos aseguramos de que el proceso sea fluido, conforme a la ley y sin estr\u00e9s.<\/p>\t\t\t\t\t\t\t\t<\/div>\n\t\t\t\t<\/div>\n\t\t\t\t\t<\/div>\n\t\t<\/div>\n\t\t\t\t\t<\/div>\n\t\t<\/section>\n\t\t\t\t<section class=\"elementor-section elementor-top-section elementor-element elementor-element-607b221 elementor-section-full_width elementor-section-stretched elementor-section-height-default elementor-section-height-default\" data-id=\"607b221\" data-element_type=\"section\" data-e-type=\"section\" data-settings=\"{&quot;background_background&quot;:&quot;classic&quot;,&quot;stretch_section&quot;:&quot;section-stretched&quot;}\">\n\t\t\t\t\t\t\t<div class=\"elementor-background-overlay\"><\/div>\n\t\t\t\t\t\t\t<div class=\"elementor-container elementor-column-gap-default\">\n\t\t\t\t\t<div class=\"elementor-column elementor-col-100 elementor-top-column elementor-element elementor-element-22fb5cd\" data-id=\"22fb5cd\" data-element_type=\"column\" data-e-type=\"column\">\n\t\t\t<div class=\"elementor-widget-wrap elementor-element-populated\">\n\t\t\t\t\t\t<section class=\"elementor-section elementor-inner-section elementor-element elementor-element-5a41703 elementor-section-boxed elementor-section-height-default elementor-section-height-default\" data-id=\"5a41703\" data-element_type=\"section\" data-e-type=\"section\">\n\t\t\t\t\t\t<div class=\"elementor-container elementor-column-gap-default\">\n\t\t\t\t\t<div class=\"elementor-column elementor-col-50 elementor-inner-column elementor-element elementor-element-037802f\" data-id=\"037802f\" data-element_type=\"column\" data-e-type=\"column\">\n\t\t\t<div class=\"elementor-widget-wrap elementor-element-populated\">\n\t\t\t\t\t\t<div class=\"elementor-element elementor-element-e451357 elementor-widget elementor-widget-image\" data-id=\"e451357\" data-element_type=\"widget\" data-e-type=\"widget\" data-widget_type=\"image.default\">\n\t\t\t\t<div class=\"elementor-widget-container\">\n\t\t\t\t\t\t\t\t\t\t\t\t\t\t\t<img decoding=\"async\" src=\"https:\/\/nvcabogados.com\/wp-content\/uploads\/elementor\/thumbs\/Sergio400x400-r6gs7ovze29j3e8cmtkyipl85uktqhxzst5cmp5a5c.png\" title=\"Sergio400x400\" alt=\"Sergio400x400\" loading=\"lazy\" \/>\t\t\t\t\t\t\t\t\t\t\t\t\t\t\t<\/div>\n\t\t\t\t<\/div>\n\t\t\t\t\t<\/div>\n\t\t<\/div>\n\t\t\t\t<div class=\"elementor-column elementor-col-50 elementor-inner-column elementor-element elementor-element-06f713c\" data-id=\"06f713c\" data-element_type=\"column\" data-e-type=\"column\">\n\t\t\t<div class=\"elementor-widget-wrap elementor-element-populated\">\n\t\t\t\t\t\t<div class=\"elementor-element elementor-element-35d573a elementor-widget elementor-widget-heading\" data-id=\"35d573a\" data-element_type=\"widget\" data-e-type=\"widget\" data-widget_type=\"heading.default\">\n\t\t\t\t<div class=\"elementor-widget-container\">\n\t\t\t\t\t<h2 class=\"elementor-heading-title elementor-size-default\">\u00bfNecesitas ayuda para elegir la visa adecuada para Per\u00fa?<\/h2>\t\t\t\t<\/div>\n\t\t\t\t<\/div>\n\t\t\t\t<div class=\"elementor-element elementor-element-000cd86 elementor-widget elementor-widget-text-editor\" data-id=\"000cd86\" data-element_type=\"widget\" data-e-type=\"widget\" data-widget_type=\"text-editor.default\">\n\t\t\t\t<div class=\"elementor-widget-container\">\n\t\t\t\t\t\t\t\t\t<p data-start=\"0\" data-end=\"227\">Las normas migratorias en Per\u00fa pueden ser confusas \u2013 especialmente en lo que respecta a los documentos requeridos, los plazos y los pasos legales. Elegir la visa correcta desde el inicio puede ahorrarte tiempo, dinero y estr\u00e9s.<\/p><p data-start=\"229\" data-end=\"384\">Agenda una consulta privada con Sergio Vargas para recibir asesor\u00eda experta sobre la mejor opci\u00f3n de visa para tu situaci\u00f3n \u2013 y un plan claro para avanzar.<\/p><p data-start=\"386\" data-end=\"460\" data-is-last-node=\"\" data-is-only-node=\"\">La sesi\u00f3n se realiza por Zoom y puede llevarse a cabo en ingl\u00e9s o espa\u00f1ol.<\/p>\t\t\t\t\t\t\t\t<\/div>\n\t\t\t\t<\/div>\n\t\t\t\t<div class=\"elementor-element elementor-element-44b0e6e elementor-align-center elementor-widget elementor-widget-button\" data-id=\"44b0e6e\" data-element_type=\"widget\" data-e-type=\"widget\" data-widget_type=\"button.default\">\n\t\t\t\t<div class=\"elementor-widget-container\">\n\t\t\t\t\t\t\t\t\t<div class=\"elementor-button-wrapper\">\n\t\t\t\t\t<a class=\"elementor-button elementor-button-link elementor-size-sm\" href=\"https:\/\/nvcabogados.com\/es\/consulta\" target=\"_blank\">\n\t\t\t\t\t\t<span class=\"elementor-button-content-wrapper\">\n\t\t\t\t\t\t\t\t\t<span class=\"elementor-button-text\">Haz clic aqu\u00ed para agendar tu consulta<\/span>\n\t\t\t\t\t<\/span>\n\t\t\t\t\t<\/a>\n\t\t\t\t<\/div>\n\t\t\t\t\t\t\t\t<\/div>\n\t\t\t\t<\/div>\n\t\t\t\t\t<\/div>\n\t\t<\/div>\n\t\t\t\t\t<\/div>\n\t\t<\/section>\n\t\t\t\t\t<\/div>\n\t\t<\/div>\n\t\t\t\t\t<\/div>\n\t\t<\/section>\n\t\t\t\t<\/div>\n\t\t","protected":false},"excerpt":{"rendered":"<p>Rentista (\u00abRetirement\u00bb) Visa para Peru La Visa de Rentista es una opci\u00f3n popular de residencia a largo plazo para personas que pueden demostrar ingresos pasivos estables provenientes del extranjero. Es com\u00fanmente utilizada por jubilados, pero no est\u00e1 limitada a personas en edad de jubilaci\u00f3n. A diferencia de otras visas, no permite empleo formal ni trabajo [&hellip;]<\/p>\n","protected":false},"author":4,"featured_media":3968,"parent":0,"menu_order":0,"comment_status":"closed","ping_status":"closed","template":"","meta":{"site-sidebar-layout":"no-sidebar","site-content-layout":"page-builder","ast-site-content-layout":"full-width-container","site-content-style":"default","site-sidebar-style":"default","ast-global-header-display":"","ast-banner-title-visibility":"","ast-main-header-display":"","ast-hfb-above-header-display":"","ast-hfb-below-header-display":"","ast-hfb-mobile-header-display":"","site-post-title":"disabled","ast-breadcrumbs-content":"","ast-featured-img":"disabled","footer-sml-layout":"","theme-transparent-header-meta":"","adv-header-id-meta":"","stick-header-meta":"","header-above-stick-meta":"","header-main-stick-meta":"","header-below-stick-meta":"","astra-migrate-meta-layouts":"set","ast-page-background-enabled":"default","ast-page-background-meta":{"desktop":{"background-color":"","background-image":"","background-repeat":"repeat","background-position":"center center","background-size":"auto","background-attachment":"scroll","background-type":"","background-media":"","overlay-type":"","overlay-color":"","overlay-opacity":"","overlay-gradient":""},"tablet":{"background-color":"","background-image":"","background-repeat":"repeat","background-position":"center center","background-size":"auto","background-attachment":"scroll","background-type":"","background-media":"","overlay-type":"","overlay-color":"","overlay-opacity":"","overlay-gradient":""},"mobile":{"background-color":"","background-image":"","background-repeat":"repeat","background-position":"center center","background-size":"auto","background-attachment":"scroll","background-type":"","background-media":"","overlay-type":"","overlay-color":"","overlay-opacity":"","overlay-gradient":""}},"ast-content-background-meta":{"desktop":{"background-color":"var(--ast-global-color-5)","background-image":"","background-repeat":"repeat","background-position":"center center","background-size":"auto","background-attachment":"scroll","background-type":"","background-media":"","overlay-type":"","overlay-color":"","overlay-opacity":"","overlay-gradient":""},"tablet":{"background-color":"var(--ast-global-color-5)","background-image":"","background-repeat":"repeat","background-position":"center center","background-size":"auto","background-attachment":"scroll","background-type":"","background-media":"","overlay-type":"","overlay-color":"","overlay-opacity":"","overlay-gradient":""},"mobile":{"background-color":"var(--ast-global-color-5)","background-image":"","background-repeat":"repeat","background-position":"center center","background-size":"auto","background-attachment":"scroll","background-type":"","background-media":"","overlay-type":"","overlay-color":"","overlay-opacity":"","overlay-gradient":""}},"footnotes":""},"categories":[],"tags":[],"class_list":["post-4194","page","type-page","status-publish","has-post-thumbnail","hentry"],"_links":{"self":[{"href":"https:\/\/nvcabogados.com\/es\/wp-json\/wp\/v2\/pages\/4194","targetHints":{"allow":["GET"]}}],"collection":[{"href":"https:\/\/nvcabogados.com\/es\/wp-json\/wp\/v2\/pages"}],"about":[{"href":"https:\/\/nvcabogados.com\/es\/wp-json\/wp\/v2\/types\/page"}],"author":[{"embeddable":true,"href":"https:\/\/nvcabogados.com\/es\/wp-json\/wp\/v2\/users\/4"}],"replies":[{"embeddable":true,"href":"https:\/\/nvcabogados.com\/es\/wp-json\/wp\/v2\/comments?post=4194"}],"version-history":[{"count":9,"href":"https:\/\/nvcabogados.com\/es\/wp-json\/wp\/v2\/pages\/4194\/revisions"}],"predecessor-version":[{"id":4208,"href":"https:\/\/nvcabogados.com\/es\/wp-json\/wp\/v2\/pages\/4194\/revisions\/4208"}],"wp:featuredmedia":[{"embeddable":true,"href":"https:\/\/nvcabogados.com\/es\/wp-json\/wp\/v2\/media\/3968"}],"wp:attachment":[{"href":"https:\/\/nvcabogados.com\/es\/wp-json\/wp\/v2\/media?parent=4194"}],"wp:term":[{"taxonomy":"category","embeddable":true,"href":"https:\/\/nvcabogados.com\/es\/wp-json\/wp\/v2\/categories?post=4194"},{"taxonomy":"post_tag","embeddable":true,"href":"https:\/\/nvcabogados.com\/es\/wp-json\/wp\/v2\/tags?post=4194"}],"curies":[{"name":"wp","href":"https:\/\/api.w.org\/{rel}","templated":true}]}}